{"id":367,"date":"2024-11-06T10:29:18","date_gmt":"2024-11-06T10:29:18","guid":{"rendered":"https:\/\/dumzaoskerusi.cz\/?page_id=367"},"modified":"2025-04-15T19:18:08","modified_gmt":"2025-04-15T19:18:08","slug":"zahrada","status":"publish","type":"page","link":"https:\/\/dumzaoskerusi.cz\/en\/zahrada\/","title":{"rendered":"Garden"},"content":{"rendered":"<div class=\"wp-block-group alignfull has-base-background-color has-background has-global-padding is-layout-constrained wp-container-core-group-is-layout-d89aad35 wp-block-group-is-layout-constrained\" style=\"margin-top:0;margin-bottom:0;padding-top:var(--wp--preset--spacing--50);padding-right:var(--wp--preset--spacing--50);padding-bottom:var(--wp--preset--spacing--50);padding-left:var(--wp--preset--spacing--50);background-image:url(&apos;http:\/\/dumzaoskerusi.cz\/wp-content\/uploads\/2024\/10\/akvarel-JANA-04a-scaled.jpg&apos;);background-position:94% 21%;background-repeat:no-repeat;background-size:contain;\">\n<div class=\"wp-block-columns alignwide is-layout-flex wp-container-core-columns-is-layout-549b0c86 wp-block-columns-is-layout-flex\">\n<div class=\"wp-block-column is-layout-flow wp-container-core-column-is-layout-c951c46d wp-block-column-is-layout-flow\" style=\"flex-basis:100%\">\n<div class=\"wp-block-columns is-layout-flex wp-container-core-columns-is-layout-87beb0d0 wp-block-columns-is-layout-flex\">\n<div class=\"wp-block-column is-layout-flow wp-block-column-is-layout-flow\" style=\"padding-top:var(--wp--preset--spacing--40);padding-bottom:var(--wp--preset--spacing--40)\">\n<p class=\"wp-container-content-9cfa9a5a\">Do you know what's the best in the garden? Sitting on a chair on the terrace and looking at it. Do nothing, don\u2019t have to do anything. Watching the old apple tree as the sun shines through the twisted branches, listening to the bumblebees buzzing in the flowerbeds or the tinkling of the wind chimes. Even in the rain, you can reach the covered terrace with dry feet.<\/p>\n\n\n\n<p class=\"wp-container-content-9cfa9a5a\">And when it gets dark? Wrap yourself in a blanket and light all the candles you can find. Especially the big yellow one in the fish can. It smells like lemongrass and will safely repel mosquitoes. With wine in a glass, you can be a little afraid of the night sounds of the forest and look at the stars in piece.<\/p>\n<\/div>\n\n\n\n<div class=\"wp-block-column is-layout-flow wp-block-column-is-layout-flow\">\n<figure class=\"wp-block-image size-large is-style-rounded image-box is-style-rounded--1\"><img loading=\"lazy\" decoding=\"async\" width=\"768\" height=\"1024\" src=\"https:\/\/dumzaoskerusi.cz\/wp-content\/uploads\/2024\/11\/z04-768x1024.jpg\" alt=\"\" class=\"wp-image-370\" style=\"object-fit:cover\" srcset=\"https:\/\/dumzaoskerusi.cz\/wp-content\/uploads\/2024\/11\/z04-768x1024.jpg 768w, https:\/\/dumzaoskerusi.cz\/wp-content\/uploads\/2024\/11\/z04-225x300.jpg 225w, https:\/\/dumzaoskerusi.cz\/wp-content\/uploads\/2024\/11\/z04-1152x1536.jpg 1152w, https:\/\/dumzaoskerusi.cz\/wp-content\/uploads\/2024\/11\/z04-1536x2048.jpg 1536w, https:\/\/dumzaoskerusi.cz\/wp-content\/uploads\/2024\/11\/z04-scaled.jpg 1920w\" sizes=\"auto, (max-width: 768px) 100vw, 768px\" \/><\/figure>\n<\/div>\n\n\n\n<div class=\"wp-block-column is-layout-flow wp-block-column-is-layout-flow\">\n<figure class=\"wp-block-image size-large is-style-rounded image-box is-style-rounded--2\"><img loading=\"lazy\" decoding=\"async\" width=\"768\" height=\"1024\" src=\"https:\/\/dumzaoskerusi.cz\/wp-content\/uploads\/2024\/11\/Z11-768x1024.jpg\" alt=\"\" class=\"wp-image-369\" srcset=\"https:\/\/dumzaoskerusi.cz\/wp-content\/uploads\/2024\/11\/Z11-768x1024.jpg 768w, https:\/\/dumzaoskerusi.cz\/wp-content\/uploads\/2024\/11\/Z11-225x300.jpg 225w, https:\/\/dumzaoskerusi.cz\/wp-content\/uploads\/2024\/11\/Z11-1152x1536.jpg 1152w, https:\/\/dumzaoskerusi.cz\/wp-content\/uploads\/2024\/11\/Z11-1536x2048.jpg 1536w, https:\/\/dumzaoskerusi.cz\/wp-content\/uploads\/2024\/11\/Z11-scaled.jpg 1920w\" sizes=\"auto, (max-width: 768px) 100vw, 768px\" \/><\/figure>\n<\/div>\n<\/div>\n<\/div>\n<\/div>\n<\/div>\n\n\n\n<div class=\"wp-block-cover alignfull has-parallax\" style=\"padding-top:var(--wp--preset--spacing--60);padding-right:var(--wp--preset--spacing--50);padding-bottom:var(--wp--preset--spacing--60);padding-left:var(--wp--preset--spacing--50);min-height:50vh;aspect-ratio:unset;\"><span aria-hidden=\"true\" class=\"wp-block-cover__background has-base-background-color has-background-dim-0 has-background-dim\"><\/span><div class=\"wp-block-cover__image-background wp-image-82 has-parallax\" style=\"background-position:50% 50%;background-image:url(http:\/\/dumzaoskerusi.cz\/wp-content\/uploads\/2024\/10\/z03-scaled.jpg)\"><\/div><div class=\"wp-block-cover__inner-container has-global-padding is-layout-constrained wp-container-core-cover-is-layout-060228e5 wp-block-cover-is-layout-constrained\">\n<div style=\"height:90px\" aria-hidden=\"true\" class=\"wp-block-spacer\"><\/div>\n<\/div><\/div>\n\n\n\n<div class=\"wp-block-group alignfull has-base-2-color has-accent-background-color has-text-color has-background has-link-color wp-elements-ada093049124385ecf808ca9b8eb658e has-global-padding is-layout-constrained wp-container-core-group-is-layout-facafb6f wp-block-group-is-layout-constrained\" style=\"margin-top:0;margin-bottom:0;padding-top:var(--wp--preset--spacing--50);padding-right:var(--wp--preset--spacing--50);padding-bottom:var(--wp--preset--spacing--50);padding-left:var(--wp--preset--spacing--50)\">\n<div class=\"wp-block-columns alignwide is-layout-flex wp-container-core-columns-is-layout-d1c656ed wp-block-columns-is-layout-flex\">\n<div class=\"wp-block-column is-vertically-aligned-stretch is-layout-flow wp-block-column-is-layout-flow\" style=\"padding-right:0;flex-basis:60%\">\n<div class=\"wp-block-group is-vertical is-content-justification-stretch is-layout-flex wp-container-core-group-is-layout-ae24f51d wp-block-group-is-layout-flex\" style=\"min-height:100%\">\n<figure class=\"wp-block-image size-full is-style-rounded image-box is-style-rounded--3\"><img loading=\"lazy\" decoding=\"async\" width=\"1920\" height=\"2560\" src=\"http:\/\/dumzaoskerusi.cz\/wp-content\/uploads\/2024\/10\/Z09-scaled.jpg\" alt=\"\" class=\"wp-image-80\" style=\"aspect-ratio:9\/16;object-fit:cover\" srcset=\"https:\/\/dumzaoskerusi.cz\/wp-content\/uploads\/2024\/10\/Z09-scaled.jpg 1920w, https:\/\/dumzaoskerusi.cz\/wp-content\/uploads\/2024\/10\/Z09-225x300.jpg 225w, https:\/\/dumzaoskerusi.cz\/wp-content\/uploads\/2024\/10\/Z09-768x1024.jpg 768w, https:\/\/dumzaoskerusi.cz\/wp-content\/uploads\/2024\/10\/Z09-1152x1536.jpg 1152w, https:\/\/dumzaoskerusi.cz\/wp-content\/uploads\/2024\/10\/Z09-1536x2048.jpg 1536w\" sizes=\"auto, (max-width: 1920px) 100vw, 1920px\" \/><\/figure>\n<\/div>\n<\/div>\n\n\n\n<div class=\"wp-block-column is-layout-flow wp-block-column-is-layout-flow\" style=\"flex-basis:40%\">\n<div class=\"wp-block-group has-global-padding is-layout-constrained wp-block-group-is-layout-constrained\">\n<div class=\"wp-block-group is-layout-flow wp-block-group-is-layout-flow\">\n<figure class=\"wp-block-image size-full is-style-rounded image-box is-style-rounded--4\"><img loading=\"lazy\" decoding=\"async\" width=\"1920\" height=\"2560\" src=\"http:\/\/dumzaoskerusi.cz\/wp-content\/uploads\/2024\/10\/z02-scaled.jpg\" alt=\"\" class=\"wp-image-163\" style=\"aspect-ratio:9\/16;object-fit:cover\" srcset=\"https:\/\/dumzaoskerusi.cz\/wp-content\/uploads\/2024\/10\/z02-scaled.jpg 1920w, https:\/\/dumzaoskerusi.cz\/wp-content\/uploads\/2024\/10\/z02-225x300.jpg 225w, https:\/\/dumzaoskerusi.cz\/wp-content\/uploads\/2024\/10\/z02-768x1024.jpg 768w, https:\/\/dumzaoskerusi.cz\/wp-content\/uploads\/2024\/10\/z02-1152x1536.jpg 1152w, https:\/\/dumzaoskerusi.cz\/wp-content\/uploads\/2024\/10\/z02-1536x2048.jpg 1536w\" sizes=\"auto, (max-width: 1920px) 100vw, 1920px\" \/><\/figure>\n<\/div>\n<\/div>\n<\/div>\n<\/div>\n<\/div>\n\n\n\n<div class=\"wp-block-group alignfull has-base-2-background-color has-text-color has-background has-global-padding is-layout-constrained wp-block-group-is-layout-constrained\" style=\"color:#000000;margin-top:0;margin-bottom:0;padding-top:var(--wp--preset--spacing--50);padding-bottom:var(--wp--preset--spacing--50)\">\n<h3 class=\"wp-block-heading has-text-align-center has-x-large-font-size\" id=\"schedule-a-visit\" style=\"line-height:1.15\">Do you like our house?<\/h3>\n\n\n\n<div class=\"wp-block-buttons is-horizontal is-content-justification-center is-layout-flex wp-container-core-buttons-is-layout-03627597 wp-block-buttons-is-layout-flex\">\n<div class=\"wp-block-button has-custom-width wp-block-button__width-50\"><a class=\"wp-block-button__link has-text-color has-background wp-element-button\" href=\"https:\/\/dumzaoskerusi.cz\/en\/#rezervace\" style=\"border-radius:50px;color:#ffffff;background-color:#000000\">Book accommodation<\/a><\/div>\n<\/div>\n<\/div>","protected":false},"excerpt":{"rendered":"<p>V\u00edte, co je na zahrad\u011b \u00fapln\u011b nejlep\u0161\u00ed? Sed\u011bt v&nbsp;k\u0159esle na terase a&nbsp;koukat na ni. Ned\u011blat nic, nemuset nic. Koukat na starou jablo\u0148, jak skrz pokroucen\u00e9 v\u011btve prosv\u00edt\u00e1 slunko, poslouchat bzu\u010d\u00edc\u00ed \u010dmel\u00e1ky v&nbsp;kv\u011btinov\u00fdch z\u00e1honech nebo cink\u00e1n\u00ed zvonkohry. I&nbsp;v&nbsp;de\u0161ti se na zast\u0159e\u0161enou terasu dostanete suchou nohou. A&nbsp;kdy\u017e se setm\u00ed? Zabalte se do deky a&nbsp;zapalte v\u0161echny sv\u00ed\u010dky, [&hellip;]<\/p>\n","protected":false},"author":1,"featured_media":0,"parent":0,"menu_order":0,"comment_status":"closed","ping_status":"closed","template":"","meta":{"footnotes":""},"class_list":["post-367","page","type-page","status-publish","hentry"],"yoast_head":"<!-- This site is optimized with the Yoast SEO plugin v27.4 - https:\/\/yoast.com\/product\/yoast-seo-wordpress\/ -->\n<title>Zahrada : D\u016fm za oskeru\u0161\u00ed<\/title>\n<meta name=\"description\" content=\"Ubytov\u00e1n\u00ed Buchlovice, D\u016fm za oskeru\u0161\u00ed, odpo\u010dinek, zahrada, u lesa, rodinn\u00fd penzion, cyklist\u00e9 v\u00edt\u00e1ni, Rekrea\u010dn\u00ed ubytov\u00e1n\u00ed, Rekrea\u010dn\u00ed chaty a chalupy:Rodinn\u00fd penzion\" \/>\n<meta name=\"robots\" content=\"index, follow, max-snippet:-1, max-image-preview:large, max-video-preview:-1\" \/>\n<link rel=\"canonical\" href=\"https:\/\/dumzaoskerusi.cz\/en\/zahrada\/\" \/>\n<meta property=\"og:locale\" content=\"en_GB\" \/>\n<meta property=\"og:type\" content=\"article\" \/>\n<meta property=\"og:title\" content=\"Zahrada : D\u016fm za oskeru\u0161\u00ed\" \/>\n<meta property=\"og:description\" content=\"Ubytov\u00e1n\u00ed Buchlovice, D\u016fm za oskeru\u0161\u00ed, odpo\u010dinek, zahrada, u lesa, rodinn\u00fd penzion, cyklist\u00e9 v\u00edt\u00e1ni, Rekrea\u010dn\u00ed ubytov\u00e1n\u00ed, Rekrea\u010dn\u00ed chaty a chalupy:Rodinn\u00fd penzion\" \/>\n<meta property=\"og:url\" content=\"https:\/\/dumzaoskerusi.cz\/en\/zahrada\/\" \/>\n<meta property=\"og:site_name\" content=\"D\u016fm za oskeru\u0161\u00ed\" \/>\n<meta property=\"article:publisher\" content=\"https:\/\/www.facebook.com\/dum.za.oskerusi\" \/>\n<meta property=\"article:modified_time\" content=\"2025-04-15T19:18:08+00:00\" \/>\n<meta property=\"og:image\" content=\"https:\/\/dumzaoskerusi.cz\/wp-content\/uploads\/2024\/11\/z04-scaled.jpg\" \/>\n\t<meta property=\"og:image:width\" content=\"1920\" \/>\n\t<meta property=\"og:image:height\" content=\"2560\" \/>\n\t<meta property=\"og:image:type\" content=\"image\/jpeg\" \/>\n<meta name=\"twitter:card\" content=\"summary_large_image\" \/>\n<meta name=\"twitter:label1\" content=\"Estimated reading time\" \/>\n\t<meta name=\"twitter:data1\" content=\"3 minutes\" \/>\n<script type=\"application\/ld+json\" class=\"yoast-schema-graph\">{\"@context\":\"https:\\\/\\\/schema.org\",\"@graph\":[{\"@type\":\"WebPage\",\"@id\":\"https:\\\/\\\/dumzaoskerusi.cz\\\/zahrada\\\/\",\"url\":\"https:\\\/\\\/dumzaoskerusi.cz\\\/zahrada\\\/\",\"name\":\"Zahrada : D\u016fm za oskeru\u0161\u00ed\",\"isPartOf\":{\"@id\":\"https:\\\/\\\/dumzaoskerusi.cz\\\/#website\"},\"primaryImageOfPage\":{\"@id\":\"https:\\\/\\\/dumzaoskerusi.cz\\\/zahrada\\\/#primaryimage\"},\"image\":{\"@id\":\"https:\\\/\\\/dumzaoskerusi.cz\\\/zahrada\\\/#primaryimage\"},\"thumbnailUrl\":\"https:\\\/\\\/dumzaoskerusi.cz\\\/wp-content\\\/uploads\\\/2024\\\/11\\\/z04-768x1024.jpg\",\"datePublished\":\"2024-11-06T10:29:18+00:00\",\"dateModified\":\"2025-04-15T19:18:08+00:00\",\"description\":\"Ubytov\u00e1n\u00ed Buchlovice, D\u016fm za oskeru\u0161\u00ed, odpo\u010dinek, zahrada, u lesa, rodinn\u00fd penzion, cyklist\u00e9 v\u00edt\u00e1ni, Rekrea\u010dn\u00ed ubytov\u00e1n\u00ed, Rekrea\u010dn\u00ed chaty a chalupy:Rodinn\u00fd penzion\",\"breadcrumb\":{\"@id\":\"https:\\\/\\\/dumzaoskerusi.cz\\\/zahrada\\\/#breadcrumb\"},\"inLanguage\":\"en-GB\",\"potentialAction\":[{\"@type\":\"ReadAction\",\"target\":[\"https:\\\/\\\/dumzaoskerusi.cz\\\/zahrada\\\/\"]}]},{\"@type\":\"ImageObject\",\"inLanguage\":\"en-GB\",\"@id\":\"https:\\\/\\\/dumzaoskerusi.cz\\\/zahrada\\\/#primaryimage\",\"url\":\"https:\\\/\\\/dumzaoskerusi.cz\\\/wp-content\\\/uploads\\\/2024\\\/11\\\/z04-768x1024.jpg\",\"contentUrl\":\"https:\\\/\\\/dumzaoskerusi.cz\\\/wp-content\\\/uploads\\\/2024\\\/11\\\/z04-768x1024.jpg\"},{\"@type\":\"BreadcrumbList\",\"@id\":\"https:\\\/\\\/dumzaoskerusi.cz\\\/zahrada\\\/#breadcrumb\",\"itemListElement\":[{\"@type\":\"ListItem\",\"position\":1,\"name\":\"Dom\u016f\",\"item\":\"https:\\\/\\\/dumzaoskerusi.cz\\\/\"},{\"@type\":\"ListItem\",\"position\":2,\"name\":\"Zahrada\"}]},{\"@type\":\"WebSite\",\"@id\":\"https:\\\/\\\/dumzaoskerusi.cz\\\/#website\",\"url\":\"https:\\\/\\\/dumzaoskerusi.cz\\\/\",\"name\":\"D\u016fm za oskeru\u0161\u00ed\",\"description\":\"Ubytov\u00e1n\u00ed Buchlovice\",\"publisher\":{\"@id\":\"https:\\\/\\\/dumzaoskerusi.cz\\\/#organization\"},\"potentialAction\":[{\"@type\":\"SearchAction\",\"target\":{\"@type\":\"EntryPoint\",\"urlTemplate\":\"https:\\\/\\\/dumzaoskerusi.cz\\\/?s={search_term_string}\"},\"query-input\":{\"@type\":\"PropertyValueSpecification\",\"valueRequired\":true,\"valueName\":\"search_term_string\"}}],\"inLanguage\":\"en-GB\"},{\"@type\":\"Organization\",\"@id\":\"https:\\\/\\\/dumzaoskerusi.cz\\\/#organization\",\"name\":\"D\u016fm za oskeru\u0161\u00ed\",\"url\":\"https:\\\/\\\/dumzaoskerusi.cz\\\/\",\"logo\":{\"@type\":\"ImageObject\",\"inLanguage\":\"en-GB\",\"@id\":\"https:\\\/\\\/dumzaoskerusi.cz\\\/#\\\/schema\\\/logo\\\/image\\\/\",\"url\":\"https:\\\/\\\/dumzaoskerusi.cz\\\/wp-content\\\/uploads\\\/2024\\\/10\\\/Dum-za-oskerusi-logo-final.png\",\"contentUrl\":\"https:\\\/\\\/dumzaoskerusi.cz\\\/wp-content\\\/uploads\\\/2024\\\/10\\\/Dum-za-oskerusi-logo-final.png\",\"width\":1205,\"height\":306,\"caption\":\"D\u016fm za oskeru\u0161\u00ed\"},\"image\":{\"@id\":\"https:\\\/\\\/dumzaoskerusi.cz\\\/#\\\/schema\\\/logo\\\/image\\\/\"},\"sameAs\":[\"https:\\\/\\\/www.facebook.com\\\/dum.za.oskerusi\",\"https:\\\/\\\/www.instagram.com\\\/dumzaoskerusi_\\\/profilecard\\\/?igsh=ZHJpanM2M3ExNWY2\"]}]}<\/script>\n<!-- \/ Yoast SEO plugin. -->","yoast_head_json":{"title":"Zahrada : D\u016fm za oskeru\u0161\u00ed","description":"Ubytov\u00e1n\u00ed Buchlovice, D\u016fm za oskeru\u0161\u00ed, odpo\u010dinek, zahrada, u lesa, rodinn\u00fd penzion, cyklist\u00e9 v\u00edt\u00e1ni, Rekrea\u010dn\u00ed ubytov\u00e1n\u00ed, Rekrea\u010dn\u00ed chaty a chalupy:Rodinn\u00fd penzion","robots":{"index":"index","follow":"follow","max-snippet":"max-snippet:-1","max-image-preview":"max-image-preview:large","max-video-preview":"max-video-preview:-1"},"canonical":"https:\/\/dumzaoskerusi.cz\/en\/zahrada\/","og_locale":"en_GB","og_type":"article","og_title":"Zahrada : D\u016fm za oskeru\u0161\u00ed","og_description":"Ubytov\u00e1n\u00ed Buchlovice, D\u016fm za oskeru\u0161\u00ed, odpo\u010dinek, zahrada, u lesa, rodinn\u00fd penzion, cyklist\u00e9 v\u00edt\u00e1ni, Rekrea\u010dn\u00ed ubytov\u00e1n\u00ed, Rekrea\u010dn\u00ed chaty a chalupy:Rodinn\u00fd penzion","og_url":"https:\/\/dumzaoskerusi.cz\/en\/zahrada\/","og_site_name":"D\u016fm za oskeru\u0161\u00ed","article_publisher":"https:\/\/www.facebook.com\/dum.za.oskerusi","article_modified_time":"2025-04-15T19:18:08+00:00","og_image":[{"width":1920,"height":2560,"url":"https:\/\/dumzaoskerusi.cz\/wp-content\/uploads\/2024\/11\/z04-scaled.jpg","type":"image\/jpeg"}],"twitter_card":"summary_large_image","twitter_misc":{"Estimated reading time":"3 minutes"},"schema":{"@context":"https:\/\/schema.org","@graph":[{"@type":"WebPage","@id":"https:\/\/dumzaoskerusi.cz\/zahrada\/","url":"https:\/\/dumzaoskerusi.cz\/zahrada\/","name":"Zahrada : D\u016fm za oskeru\u0161\u00ed","isPartOf":{"@id":"https:\/\/dumzaoskerusi.cz\/#website"},"primaryImageOfPage":{"@id":"https:\/\/dumzaoskerusi.cz\/zahrada\/#primaryimage"},"image":{"@id":"https:\/\/dumzaoskerusi.cz\/zahrada\/#primaryimage"},"thumbnailUrl":"https:\/\/dumzaoskerusi.cz\/wp-content\/uploads\/2024\/11\/z04-768x1024.jpg","datePublished":"2024-11-06T10:29:18+00:00","dateModified":"2025-04-15T19:18:08+00:00","description":"Ubytov\u00e1n\u00ed Buchlovice, D\u016fm za oskeru\u0161\u00ed, odpo\u010dinek, zahrada, u lesa, rodinn\u00fd penzion, cyklist\u00e9 v\u00edt\u00e1ni, Rekrea\u010dn\u00ed ubytov\u00e1n\u00ed, Rekrea\u010dn\u00ed chaty a chalupy:Rodinn\u00fd penzion","breadcrumb":{"@id":"https:\/\/dumzaoskerusi.cz\/zahrada\/#breadcrumb"},"inLanguage":"en-GB","potentialAction":[{"@type":"ReadAction","target":["https:\/\/dumzaoskerusi.cz\/zahrada\/"]}]},{"@type":"ImageObject","inLanguage":"en-GB","@id":"https:\/\/dumzaoskerusi.cz\/zahrada\/#primaryimage","url":"https:\/\/dumzaoskerusi.cz\/wp-content\/uploads\/2024\/11\/z04-768x1024.jpg","contentUrl":"https:\/\/dumzaoskerusi.cz\/wp-content\/uploads\/2024\/11\/z04-768x1024.jpg"},{"@type":"BreadcrumbList","@id":"https:\/\/dumzaoskerusi.cz\/zahrada\/#breadcrumb","itemListElement":[{"@type":"ListItem","position":1,"name":"Dom\u016f","item":"https:\/\/dumzaoskerusi.cz\/"},{"@type":"ListItem","position":2,"name":"Zahrada"}]},{"@type":"WebSite","@id":"https:\/\/dumzaoskerusi.cz\/#website","url":"https:\/\/dumzaoskerusi.cz\/","name":"D\u016fm za oskeru\u0161\u00ed","description":"Ubytov\u00e1n\u00ed Buchlovice","publisher":{"@id":"https:\/\/dumzaoskerusi.cz\/#organization"},"potentialAction":[{"@type":"SearchAction","target":{"@type":"EntryPoint","urlTemplate":"https:\/\/dumzaoskerusi.cz\/?s={search_term_string}"},"query-input":{"@type":"PropertyValueSpecification","valueRequired":true,"valueName":"search_term_string"}}],"inLanguage":"en-GB"},{"@type":"Organization","@id":"https:\/\/dumzaoskerusi.cz\/#organization","name":"D\u016fm za oskeru\u0161\u00ed","url":"https:\/\/dumzaoskerusi.cz\/","logo":{"@type":"ImageObject","inLanguage":"en-GB","@id":"https:\/\/dumzaoskerusi.cz\/#\/schema\/logo\/image\/","url":"https:\/\/dumzaoskerusi.cz\/wp-content\/uploads\/2024\/10\/Dum-za-oskerusi-logo-final.png","contentUrl":"https:\/\/dumzaoskerusi.cz\/wp-content\/uploads\/2024\/10\/Dum-za-oskerusi-logo-final.png","width":1205,"height":306,"caption":"D\u016fm za oskeru\u0161\u00ed"},"image":{"@id":"https:\/\/dumzaoskerusi.cz\/#\/schema\/logo\/image\/"},"sameAs":["https:\/\/www.facebook.com\/dum.za.oskerusi","https:\/\/www.instagram.com\/dumzaoskerusi_\/profilecard\/?igsh=ZHJpanM2M3ExNWY2"]}]}},"_links":{"self":[{"href":"https:\/\/dumzaoskerusi.cz\/en\/wp-json\/wp\/v2\/pages\/367","targetHints":{"allow":["GET"]}}],"collection":[{"href":"https:\/\/dumzaoskerusi.cz\/en\/wp-json\/wp\/v2\/pages"}],"about":[{"href":"https:\/\/dumzaoskerusi.cz\/en\/wp-json\/wp\/v2\/types\/page"}],"author":[{"embeddable":true,"href":"https:\/\/dumzaoskerusi.cz\/en\/wp-json\/wp\/v2\/users\/1"}],"replies":[{"embeddable":true,"href":"https:\/\/dumzaoskerusi.cz\/en\/wp-json\/wp\/v2\/comments?post=367"}],"version-history":[{"count":6,"href":"https:\/\/dumzaoskerusi.cz\/en\/wp-json\/wp\/v2\/pages\/367\/revisions"}],"predecessor-version":[{"id":469,"href":"https:\/\/dumzaoskerusi.cz\/en\/wp-json\/wp\/v2\/pages\/367\/revisions\/469"}],"wp:attachment":[{"href":"https:\/\/dumzaoskerusi.cz\/en\/wp-json\/wp\/v2\/media?parent=367"}],"curies":[{"name":"wp","href":"https:\/\/api.w.org\/{rel}","templated":true}]}}