{"id":345,"date":"2024-11-06T09:48:14","date_gmt":"2024-11-06T09:48:14","guid":{"rendered":"https:\/\/dumzaoskerusi.cz\/?page_id=345"},"modified":"2025-04-17T19:52:56","modified_gmt":"2025-04-17T19:52:56","slug":"kontakt","status":"publish","type":"page","link":"https:\/\/dumzaoskerusi.cz\/en\/kontakt\/","title":{"rendered":"Contact us"},"content":{"rendered":"<div style=\"background-image:url(&apos;http:\/\/dumzaoskerusi.cz\/wp-content\/uploads\/2024\/10\/akvarel-JANA-03a-scaled.jpg&apos;);background-position:85% 54%;background-repeat:no-repeat;background-size:25%;background-attachment:scroll;\" class=\"wp-block-group alignfull has-global-padding is-layout-constrained wp-block-group-is-layout-constrained has-background\">\n<div class=\"wp-block-group alignfull has-global-padding is-content-justification-center is-layout-constrained wp-block-group-is-layout-constrained has-background\" style=\"margin-top:0;margin-bottom:0;background-position:32% 35%;\">\n<div style=\"height:var(--wp--preset--spacing--20)\" aria-hidden=\"true\" class=\"wp-block-spacer\"><\/div>\n\n\n\n<div class=\"wp-block-group alignwide is-layout-flow wp-block-group-is-layout-flow\">\n<div class=\"wp-block-columns alignwide are-vertically-aligned-top is-layout-flex wp-container-core-columns-is-layout-5c8fb865 wp-block-columns-is-layout-flex\">\n<div class=\"wp-block-column has-global-padding is-layout-constrained wp-block-column-is-layout-constrained\">\n<p class=\"has-text-align-center has-contrast-color has-text-color has-link-color has-large-font-size wp-elements-5803d1b50cd8ff2c0f7ebee407faa924\"><strong>+420&nbsp;737&nbsp;869&nbsp;827<\/strong><\/p>\n\n\n\n<p class=\"has-text-align-center has-contrast-color has-text-color has-link-color has-medium-font-size wp-elements-5cb2ab96d75a62effc213aec1b313d0f\"><a href=\"#\">zaoskerusi@seznam.cz<\/a><\/p>\n\n\n\n<p class=\"has-text-align-center has-contrast-color has-text-color has-link-color has-medium-font-size wp-elements-05c8552fa99a62cc11814ec4a9c0c5ce\"><a href=\"#\">Ku hradu 207, 687&nbsp;08<br>Buchlovice<\/a><\/p>\n<\/div>\n<\/div>\n\n\n\n<div style=\"height:var(--wp--preset--spacing--20)\" aria-hidden=\"true\" class=\"wp-block-spacer\"><\/div>\n<\/div>\n<\/div>\n\n\n\n<div class=\"wp-block-group has-global-padding is-layout-constrained wp-block-group-is-layout-constrained\">\n<iframe \n    src=\"https:\/\/www.google.com\/maps\/embed?pb=!1m14!1m8!1m3!1d10451.382437563438!2d17.334559!3d49.0895741!3m2!1i1024!2i768!4f13.1!3m3!1m2!1s0x471319e77911da65%3A0xad73addd150c173a!2sKu%20hradu%20207%2C%20687%2008%20Buchlovice!5e0!3m2!1scs!2scz!4v1731689316728!5m2!1scs!2scz\" \n    width=\"800\" \n    height=\"500\" \n    style=\"border:0; border-radius: 15px;\" \n    allowfullscreen=\"\" \n    loading=\"lazy\">\n<\/iframe>\n<\/div>\n\n\n\n<div style=\"height:var(--wp--preset--spacing--20)\" aria-hidden=\"true\" class=\"wp-block-spacer\"><\/div>\n<\/div>\n\n\n\n<div class=\"wp-block-group alignfull has-base-2-background-color has-text-color has-background has-global-padding is-layout-constrained wp-block-group-is-layout-constrained\" style=\"color:#000000;margin-top:0;margin-bottom:0;padding-top:var(--wp--preset--spacing--50);padding-bottom:var(--wp--preset--spacing--50)\">\n<h3 class=\"wp-block-heading has-text-align-center has-x-large-font-size\" id=\"schedule-a-visit\" style=\"line-height:1.15\">Do you like our house?<\/h3>\n\n\n\n<div class=\"wp-block-buttons is-horizontal is-content-justification-center is-layout-flex wp-container-core-buttons-is-layout-03627597 wp-block-buttons-is-layout-flex\">\n<div class=\"wp-block-button has-custom-width wp-block-button__width-50\"><a class=\"wp-block-button__link has-text-color has-background wp-element-button\" href=\"https:\/\/dumzaoskerusi.cz\/en\/#rezervace\" style=\"border-radius:50px;color:#ffffff;background-color:#000000\">Book accommodation<\/a><\/div>\n<\/div>\n<\/div>","protected":false},"excerpt":{"rendered":"<p>+420&nbsp;737&nbsp;869&nbsp;827 zaoskerusi@seznam.cz Ku hradu 207, 687&nbsp;08Buchlovice<\/p>","protected":false},"author":1,"featured_media":0,"parent":0,"menu_order":0,"comment_status":"closed","ping_status":"closed","template":"","meta":{"footnotes":""},"class_list":["post-345","page","type-page","status-publish","hentry"],"yoast_head":"<!-- This site is optimized with the Yoast SEO plugin v27.4 - https:\/\/yoast.com\/product\/yoast-seo-wordpress\/ -->\n<title>Kontaktujte n\u00e1s : D\u016fm za oskeru\u0161\u00ed<\/title>\n<meta name=\"description\" content=\"D\u016fm za oskeru\u0161\u00ed, Ubytov\u00e1n\u00ed Buchlovice, Odpo\u010dinek, Zahrada, U lesa, Rodinn\u00fd penzion, Cyklist\u00e9 v\u00edt\u00e1ni, Rekrea\u010dn\u00ed ubytov\u00e1n\u00ed, Rekrea\u010dn\u00ed chaty a chalupy, Rodinn\u00fd penzion\" \/>\n<meta name=\"robots\" content=\"index, follow, max-snippet:-1, max-image-preview:large, max-video-preview:-1\" \/>\n<link rel=\"canonical\" href=\"https:\/\/dumzaoskerusi.cz\/en\/kontakt\/\" \/>\n<meta property=\"og:locale\" content=\"en_GB\" \/>\n<meta property=\"og:type\" content=\"article\" \/>\n<meta property=\"og:title\" content=\"Kontaktujte n\u00e1s : D\u016fm za oskeru\u0161\u00ed\" \/>\n<meta property=\"og:description\" content=\"D\u016fm za oskeru\u0161\u00ed, Ubytov\u00e1n\u00ed Buchlovice, Odpo\u010dinek, Zahrada, U lesa, Rodinn\u00fd penzion, Cyklist\u00e9 v\u00edt\u00e1ni, Rekrea\u010dn\u00ed ubytov\u00e1n\u00ed, Rekrea\u010dn\u00ed chaty a chalupy, Rodinn\u00fd penzion\" \/>\n<meta property=\"og:url\" content=\"https:\/\/dumzaoskerusi.cz\/en\/kontakt\/\" \/>\n<meta property=\"og:site_name\" content=\"D\u016fm za oskeru\u0161\u00ed\" \/>\n<meta property=\"article:publisher\" content=\"https:\/\/www.facebook.com\/dum.za.oskerusi\" \/>\n<meta property=\"article:modified_time\" content=\"2025-04-17T19:52:56+00:00\" \/>\n<meta name=\"twitter:card\" content=\"summary_large_image\" \/>\n<meta name=\"twitter:label1\" content=\"Estimated reading time\" \/>\n\t<meta name=\"twitter:data1\" content=\"1 minute\" \/>\n<script type=\"application\/ld+json\" class=\"yoast-schema-graph\">{\"@context\":\"https:\\\/\\\/schema.org\",\"@graph\":[{\"@type\":\"WebPage\",\"@id\":\"https:\\\/\\\/dumzaoskerusi.cz\\\/kontakt\\\/\",\"url\":\"https:\\\/\\\/dumzaoskerusi.cz\\\/kontakt\\\/\",\"name\":\"Kontaktujte n\u00e1s : D\u016fm za oskeru\u0161\u00ed\",\"isPartOf\":{\"@id\":\"https:\\\/\\\/dumzaoskerusi.cz\\\/#website\"},\"datePublished\":\"2024-11-06T09:48:14+00:00\",\"dateModified\":\"2025-04-17T19:52:56+00:00\",\"description\":\"D\u016fm za oskeru\u0161\u00ed, Ubytov\u00e1n\u00ed Buchlovice, Odpo\u010dinek, Zahrada, U lesa, Rodinn\u00fd penzion, Cyklist\u00e9 v\u00edt\u00e1ni, Rekrea\u010dn\u00ed ubytov\u00e1n\u00ed, Rekrea\u010dn\u00ed chaty a chalupy, Rodinn\u00fd penzion\",\"breadcrumb\":{\"@id\":\"https:\\\/\\\/dumzaoskerusi.cz\\\/kontakt\\\/#breadcrumb\"},\"inLanguage\":\"en-GB\",\"potentialAction\":[{\"@type\":\"ReadAction\",\"target\":[\"https:\\\/\\\/dumzaoskerusi.cz\\\/kontakt\\\/\"]}]},{\"@type\":\"BreadcrumbList\",\"@id\":\"https:\\\/\\\/dumzaoskerusi.cz\\\/kontakt\\\/#breadcrumb\",\"itemListElement\":[{\"@type\":\"ListItem\",\"position\":1,\"name\":\"Dom\u016f\",\"item\":\"https:\\\/\\\/dumzaoskerusi.cz\\\/\"},{\"@type\":\"ListItem\",\"position\":2,\"name\":\"Kontaktujte n\u00e1s\"}]},{\"@type\":\"WebSite\",\"@id\":\"https:\\\/\\\/dumzaoskerusi.cz\\\/#website\",\"url\":\"https:\\\/\\\/dumzaoskerusi.cz\\\/\",\"name\":\"D\u016fm za oskeru\u0161\u00ed\",\"description\":\"Ubytov\u00e1n\u00ed Buchlovice\",\"publisher\":{\"@id\":\"https:\\\/\\\/dumzaoskerusi.cz\\\/#organization\"},\"potentialAction\":[{\"@type\":\"SearchAction\",\"target\":{\"@type\":\"EntryPoint\",\"urlTemplate\":\"https:\\\/\\\/dumzaoskerusi.cz\\\/?s={search_term_string}\"},\"query-input\":{\"@type\":\"PropertyValueSpecification\",\"valueRequired\":true,\"valueName\":\"search_term_string\"}}],\"inLanguage\":\"en-GB\"},{\"@type\":\"Organization\",\"@id\":\"https:\\\/\\\/dumzaoskerusi.cz\\\/#organization\",\"name\":\"D\u016fm za oskeru\u0161\u00ed\",\"url\":\"https:\\\/\\\/dumzaoskerusi.cz\\\/\",\"logo\":{\"@type\":\"ImageObject\",\"inLanguage\":\"en-GB\",\"@id\":\"https:\\\/\\\/dumzaoskerusi.cz\\\/#\\\/schema\\\/logo\\\/image\\\/\",\"url\":\"https:\\\/\\\/dumzaoskerusi.cz\\\/wp-content\\\/uploads\\\/2024\\\/10\\\/Dum-za-oskerusi-logo-final.png\",\"contentUrl\":\"https:\\\/\\\/dumzaoskerusi.cz\\\/wp-content\\\/uploads\\\/2024\\\/10\\\/Dum-za-oskerusi-logo-final.png\",\"width\":1205,\"height\":306,\"caption\":\"D\u016fm za oskeru\u0161\u00ed\"},\"image\":{\"@id\":\"https:\\\/\\\/dumzaoskerusi.cz\\\/#\\\/schema\\\/logo\\\/image\\\/\"},\"sameAs\":[\"https:\\\/\\\/www.facebook.com\\\/dum.za.oskerusi\",\"https:\\\/\\\/www.instagram.com\\\/dumzaoskerusi_\\\/profilecard\\\/?igsh=ZHJpanM2M3ExNWY2\"]}]}<\/script>\n<!-- \/ Yoast SEO plugin. -->","yoast_head_json":{"title":"Kontaktujte n\u00e1s : D\u016fm za oskeru\u0161\u00ed","description":"D\u016fm za oskeru\u0161\u00ed, Ubytov\u00e1n\u00ed Buchlovice, Odpo\u010dinek, Zahrada, U lesa, Rodinn\u00fd penzion, Cyklist\u00e9 v\u00edt\u00e1ni, Rekrea\u010dn\u00ed ubytov\u00e1n\u00ed, Rekrea\u010dn\u00ed chaty a chalupy, Rodinn\u00fd penzion","robots":{"index":"index","follow":"follow","max-snippet":"max-snippet:-1","max-image-preview":"max-image-preview:large","max-video-preview":"max-video-preview:-1"},"canonical":"https:\/\/dumzaoskerusi.cz\/en\/kontakt\/","og_locale":"en_GB","og_type":"article","og_title":"Kontaktujte n\u00e1s : D\u016fm za oskeru\u0161\u00ed","og_description":"D\u016fm za oskeru\u0161\u00ed, Ubytov\u00e1n\u00ed Buchlovice, Odpo\u010dinek, Zahrada, U lesa, Rodinn\u00fd penzion, Cyklist\u00e9 v\u00edt\u00e1ni, Rekrea\u010dn\u00ed ubytov\u00e1n\u00ed, Rekrea\u010dn\u00ed chaty a chalupy, Rodinn\u00fd penzion","og_url":"https:\/\/dumzaoskerusi.cz\/en\/kontakt\/","og_site_name":"D\u016fm za oskeru\u0161\u00ed","article_publisher":"https:\/\/www.facebook.com\/dum.za.oskerusi","article_modified_time":"2025-04-17T19:52:56+00:00","twitter_card":"summary_large_image","twitter_misc":{"Estimated reading time":"1 minute"},"schema":{"@context":"https:\/\/schema.org","@graph":[{"@type":"WebPage","@id":"https:\/\/dumzaoskerusi.cz\/kontakt\/","url":"https:\/\/dumzaoskerusi.cz\/kontakt\/","name":"Kontaktujte n\u00e1s : D\u016fm za oskeru\u0161\u00ed","isPartOf":{"@id":"https:\/\/dumzaoskerusi.cz\/#website"},"datePublished":"2024-11-06T09:48:14+00:00","dateModified":"2025-04-17T19:52:56+00:00","description":"D\u016fm za oskeru\u0161\u00ed, Ubytov\u00e1n\u00ed Buchlovice, Odpo\u010dinek, Zahrada, U lesa, Rodinn\u00fd penzion, Cyklist\u00e9 v\u00edt\u00e1ni, Rekrea\u010dn\u00ed ubytov\u00e1n\u00ed, Rekrea\u010dn\u00ed chaty a chalupy, Rodinn\u00fd penzion","breadcrumb":{"@id":"https:\/\/dumzaoskerusi.cz\/kontakt\/#breadcrumb"},"inLanguage":"en-GB","potentialAction":[{"@type":"ReadAction","target":["https:\/\/dumzaoskerusi.cz\/kontakt\/"]}]},{"@type":"BreadcrumbList","@id":"https:\/\/dumzaoskerusi.cz\/kontakt\/#breadcrumb","itemListElement":[{"@type":"ListItem","position":1,"name":"Dom\u016f","item":"https:\/\/dumzaoskerusi.cz\/"},{"@type":"ListItem","position":2,"name":"Kontaktujte n\u00e1s"}]},{"@type":"WebSite","@id":"https:\/\/dumzaoskerusi.cz\/#website","url":"https:\/\/dumzaoskerusi.cz\/","name":"D\u016fm za oskeru\u0161\u00ed","description":"Ubytov\u00e1n\u00ed Buchlovice","publisher":{"@id":"https:\/\/dumzaoskerusi.cz\/#organization"},"potentialAction":[{"@type":"SearchAction","target":{"@type":"EntryPoint","urlTemplate":"https:\/\/dumzaoskerusi.cz\/?s={search_term_string}"},"query-input":{"@type":"PropertyValueSpecification","valueRequired":true,"valueName":"search_term_string"}}],"inLanguage":"en-GB"},{"@type":"Organization","@id":"https:\/\/dumzaoskerusi.cz\/#organization","name":"D\u016fm za oskeru\u0161\u00ed","url":"https:\/\/dumzaoskerusi.cz\/","logo":{"@type":"ImageObject","inLanguage":"en-GB","@id":"https:\/\/dumzaoskerusi.cz\/#\/schema\/logo\/image\/","url":"https:\/\/dumzaoskerusi.cz\/wp-content\/uploads\/2024\/10\/Dum-za-oskerusi-logo-final.png","contentUrl":"https:\/\/dumzaoskerusi.cz\/wp-content\/uploads\/2024\/10\/Dum-za-oskerusi-logo-final.png","width":1205,"height":306,"caption":"D\u016fm za oskeru\u0161\u00ed"},"image":{"@id":"https:\/\/dumzaoskerusi.cz\/#\/schema\/logo\/image\/"},"sameAs":["https:\/\/www.facebook.com\/dum.za.oskerusi","https:\/\/www.instagram.com\/dumzaoskerusi_\/profilecard\/?igsh=ZHJpanM2M3ExNWY2"]}]}},"_links":{"self":[{"href":"https:\/\/dumzaoskerusi.cz\/en\/wp-json\/wp\/v2\/pages\/345","targetHints":{"allow":["GET"]}}],"collection":[{"href":"https:\/\/dumzaoskerusi.cz\/en\/wp-json\/wp\/v2\/pages"}],"about":[{"href":"https:\/\/dumzaoskerusi.cz\/en\/wp-json\/wp\/v2\/types\/page"}],"author":[{"embeddable":true,"href":"https:\/\/dumzaoskerusi.cz\/en\/wp-json\/wp\/v2\/users\/1"}],"replies":[{"embeddable":true,"href":"https:\/\/dumzaoskerusi.cz\/en\/wp-json\/wp\/v2\/comments?post=345"}],"version-history":[{"count":31,"href":"https:\/\/dumzaoskerusi.cz\/en\/wp-json\/wp\/v2\/pages\/345\/revisions"}],"predecessor-version":[{"id":500,"href":"https:\/\/dumzaoskerusi.cz\/en\/wp-json\/wp\/v2\/pages\/345\/revisions\/500"}],"wp:attachment":[{"href":"https:\/\/dumzaoskerusi.cz\/en\/wp-json\/wp\/v2\/media?parent=345"}],"curies":[{"name":"wp","href":"https:\/\/api.w.org\/{rel}","templated":true}]}}