{"id":325,"date":"2024-10-31T17:50:19","date_gmt":"2024-10-31T17:50:19","guid":{"rendered":"https:\/\/dumzaoskerusi.cz\/?page_id=325"},"modified":"2025-04-15T18:58:27","modified_gmt":"2025-04-15T18:58:27","slug":"pokoje","status":"publish","type":"page","link":"https:\/\/dumzaoskerusi.cz\/en\/pokoje\/","title":{"rendered":"Rooms"},"content":{"rendered":"<div class=\"wp-block-group alignfull has-base-background-color has-background has-global-padding is-layout-constrained wp-container-core-group-is-layout-d89aad35 wp-block-group-is-layout-constrained\" style=\"margin-top:0;margin-bottom:0;padding-top:var(--wp--preset--spacing--50);padding-right:var(--wp--preset--spacing--50);padding-bottom:var(--wp--preset--spacing--50);padding-left:var(--wp--preset--spacing--50);background-image:url(&apos;http:\/\/dumzaoskerusi.cz\/wp-content\/uploads\/2024\/10\/akvarel-JANA-03a-scaled.jpg&apos;);background-position:100% 55.00000000000001%;background-repeat:no-repeat;background-size:20%;\">\n<div class=\"wp-block-columns alignwide is-layout-flex wp-container-core-columns-is-layout-549b0c86 wp-block-columns-is-layout-flex\">\n<div class=\"wp-block-column is-layout-flow wp-block-column-is-layout-flow\" style=\"flex-basis:26.67%\">\n<h2 class=\"wp-block-heading\">Everyone will find something for themselves.<\/h2>\n\n\n\n<p class=\"wp-container-content-9cfa9a5a\">You can relax in three rooms, everyone will find their own. <\/p>\n\n\n\n<p class=\"wp-container-content-9cfa9a5a\">Will it be the shady blue room with hydrangeas blooming under the windows? A green elegant room with a view of the Buchlovice's hills or a sunny natural room where you can snuggle up in a rocking chair and read undisturbed?<\/p>\n<\/div>\n\n\n\n<div class=\"wp-block-column is-layout-flow wp-block-column-is-layout-flow\" style=\"flex-basis:10%\"><\/div>\n\n\n\n<div class=\"wp-block-column is-layout-flow wp-container-core-column-is-layout-119bc444 wp-block-column-is-layout-flow\" style=\"flex-basis:60%\">\n<figure class=\"wp-block-image size-large\"><img loading=\"lazy\" decoding=\"async\" width=\"1024\" height=\"625\" src=\"http:\/\/dumzaoskerusi.cz\/wp-content\/uploads\/2024\/11\/schema-pokoju02-1-1024x625.jpg\" alt=\"\" class=\"wp-image-391\" srcset=\"https:\/\/dumzaoskerusi.cz\/wp-content\/uploads\/2024\/11\/schema-pokoju02-1-1024x625.jpg 1024w, https:\/\/dumzaoskerusi.cz\/wp-content\/uploads\/2024\/11\/schema-pokoju02-1-300x183.jpg 300w, https:\/\/dumzaoskerusi.cz\/wp-content\/uploads\/2024\/11\/schema-pokoju02-1-768x469.jpg 768w, https:\/\/dumzaoskerusi.cz\/wp-content\/uploads\/2024\/11\/schema-pokoju02-1-1536x938.jpg 1536w, https:\/\/dumzaoskerusi.cz\/wp-content\/uploads\/2024\/11\/schema-pokoju02-1-2048x1250.jpg 2048w\" sizes=\"auto, (max-width: 1024px) 100vw, 1024px\" \/><\/figure>\n<\/div>\n<\/div>\n<\/div>\n\n\n\n<div class=\"wp-block-group alignwide has-global-padding is-layout-constrained wp-block-group-is-layout-constrained\" style=\"padding-top:var(--wp--preset--spacing--50);padding-bottom:var(--wp--preset--spacing--50)\">\n<div class=\"wp-block-columns alignwide is-layout-flex wp-container-core-columns-is-layout-28f84493 wp-block-columns-is-layout-flex\">\n<div class=\"wp-block-column is-style-asterisk disable-block-section is-layout-flow wp-block-column-is-layout-flow\" style=\"flex-basis:400px\">\n<h2 class=\"wp-block-heading\">Rooms<\/h2>\n\n\n\n<p>You can relax in three rooms, everyone will find their own.<\/p>\n\n\n\n<p>Bude to stinn\u00fd modr\u00fd pokoj, kde pod okny kvetou hortenzie? Zelen\u00fd elegantn\u00ed pokoj s&nbsp;v\u00fdhledem na buchlovick\u00e9 kopce nebo slunn\u00fd p\u0159\u00edrodn\u00ed pokoj, kde se m\u016f\u017eete uvelebit do houpac\u00edho k\u0159esla a&nbsp;neru\u0161en\u011b si \u010d\u00edst?<\/p>\n<\/div>\n\n\n\n<div class=\"wp-block-column disable-block-section is-layout-flow wp-block-column-is-layout-flow\" style=\"flex-basis:100px\">\n<div style=\"height:100px\" aria-hidden=\"true\" class=\"wp-block-spacer\"><\/div>\n<\/div>\n\n\n\n<div class=\"wp-block-column is-layout-flow wp-block-column-is-layout-flow\">\n<figure class=\"wp-block-image size-large is-style-rounded image-box is-style-rounded--1\"><img loading=\"lazy\" decoding=\"async\" width=\"768\" height=\"1024\" src=\"https:\/\/dumzaoskerusi.cz\/wp-content\/uploads\/2024\/10\/p01-9-768x1024.jpg\" alt=\"\" class=\"wp-image-27\" style=\"object-fit:cover\" srcset=\"https:\/\/dumzaoskerusi.cz\/wp-content\/uploads\/2024\/10\/p01-9-768x1024.jpg 768w, https:\/\/dumzaoskerusi.cz\/wp-content\/uploads\/2024\/10\/p01-9-225x300.jpg 225w, https:\/\/dumzaoskerusi.cz\/wp-content\/uploads\/2024\/10\/p01-9-1152x1536.jpg 1152w, https:\/\/dumzaoskerusi.cz\/wp-content\/uploads\/2024\/10\/p01-9-1536x2048.jpg 1536w, https:\/\/dumzaoskerusi.cz\/wp-content\/uploads\/2024\/10\/p01-9-scaled.jpg 1920w\" sizes=\"auto, (max-width: 768px) 100vw, 768px\" \/><\/figure>\n\n\n\n<div class=\"wp-block-buttons is-layout-flex wp-block-buttons-is-layout-flex\">\n<div class=\"wp-block-button has-custom-width wp-block-button__width-100 is-style-outline is-style-outline--2\"><a class=\"wp-block-button__link wp-element-button\" href=\"https:\/\/dumzaoskerusi.cz\/en\/prirodni-pokoj\/\" style=\"border-width:1px\">Natural bedroom<\/a><\/div>\n<\/div>\n<\/div>\n\n\n\n<div class=\"wp-block-column is-layout-flow wp-block-column-is-layout-flow\">\n<figure class=\"wp-block-image size-large is-style-rounded image-box is-style-rounded--3\"><img loading=\"lazy\" decoding=\"async\" width=\"766\" height=\"1024\" src=\"https:\/\/dumzaoskerusi.cz\/wp-content\/uploads\/2024\/11\/ze01-1-766x1024.jpg\" alt=\"\" class=\"wp-image-403\" style=\"object-fit:cover\" srcset=\"https:\/\/dumzaoskerusi.cz\/wp-content\/uploads\/2024\/11\/ze01-1-766x1024.jpg 766w, https:\/\/dumzaoskerusi.cz\/wp-content\/uploads\/2024\/11\/ze01-1-224x300.jpg 224w, https:\/\/dumzaoskerusi.cz\/wp-content\/uploads\/2024\/11\/ze01-1-768x1027.jpg 768w, https:\/\/dumzaoskerusi.cz\/wp-content\/uploads\/2024\/11\/ze01-1-1149x1536.jpg 1149w, https:\/\/dumzaoskerusi.cz\/wp-content\/uploads\/2024\/11\/ze01-1-1532x2048.jpg 1532w, https:\/\/dumzaoskerusi.cz\/wp-content\/uploads\/2024\/11\/ze01-1-scaled.jpg 1915w\" sizes=\"auto, (max-width: 766px) 100vw, 766px\" \/><\/figure>\n\n\n\n<div class=\"wp-block-buttons is-layout-flex wp-block-buttons-is-layout-flex\">\n<div class=\"wp-block-button has-custom-width wp-block-button__width-100 is-style-outline is-style-outline--4\"><a class=\"wp-block-button__link wp-element-button\" href=\"https:\/\/dumzaoskerusi.cz\/en\/zeleny-pokoj\/\" style=\"border-width:1px\">Green bedroom<\/a><\/div>\n<\/div>\n<\/div>\n\n\n\n<div class=\"wp-block-column is-layout-flow wp-block-column-is-layout-flow\">\n<figure class=\"wp-block-image size-large is-style-rounded image-box is-style-rounded--5\"><img loading=\"lazy\" decoding=\"async\" width=\"768\" height=\"1024\" src=\"http:\/\/dumzaoskerusi.cz\/wp-content\/uploads\/2024\/11\/m02-768x1024.jpg\" alt=\"\" class=\"wp-image-397\" style=\"object-fit:cover\" srcset=\"https:\/\/dumzaoskerusi.cz\/wp-content\/uploads\/2024\/11\/m02-768x1024.jpg 768w, https:\/\/dumzaoskerusi.cz\/wp-content\/uploads\/2024\/11\/m02-225x300.jpg 225w, https:\/\/dumzaoskerusi.cz\/wp-content\/uploads\/2024\/11\/m02-1152x1536.jpg 1152w, https:\/\/dumzaoskerusi.cz\/wp-content\/uploads\/2024\/11\/m02-1536x2048.jpg 1536w, https:\/\/dumzaoskerusi.cz\/wp-content\/uploads\/2024\/11\/m02-scaled.jpg 1920w\" sizes=\"auto, (max-width: 768px) 100vw, 768px\" \/><\/figure>\n\n\n\n<div class=\"wp-block-buttons is-layout-flex wp-block-buttons-is-layout-flex\">\n<div class=\"wp-block-button has-custom-width wp-block-button__width-100 is-style-outline is-style-outline--6\"><a class=\"wp-block-button__link wp-element-button\" href=\"https:\/\/dumzaoskerusi.cz\/en\/modry-pokoj\/\" style=\"border-width:1px\">Blue bedroom<\/a><\/div>\n<\/div>\n<\/div>\n<\/div>\n<\/div>\n\n\n\n<div class=\"wp-block-cover alignfull has-parallax\" style=\"padding-top:var(--wp--preset--spacing--30);padding-right:var(--wp--preset--spacing--30);padding-bottom:var(--wp--preset--spacing--30);padding-left:var(--wp--preset--spacing--30);min-height:50vh;aspect-ratio:unset;\"><span aria-hidden=\"true\" class=\"wp-block-cover__background has-base-background-color has-background-dim-0 has-background-dim\"><\/span><div class=\"wp-block-cover__image-background wp-image-297 has-parallax\" style=\"background-position:50% 50%;background-image:url(http:\/\/dumzaoskerusi.cz\/wp-content\/uploads\/2024\/10\/m01-scaled.jpg)\"><\/div><div class=\"wp-block-cover__inner-container has-global-padding is-layout-constrained wp-container-core-cover-is-layout-e10ca314 wp-block-cover-is-layout-constrained\">\n<div style=\"height:500px\" aria-hidden=\"true\" class=\"wp-block-spacer\"><\/div>\n<\/div><\/div>\n\n\n\n<div class=\"wp-block-group alignfull has-base-2-background-color has-text-color has-background has-global-padding is-layout-constrained wp-block-group-is-layout-constrained\" style=\"color:#000000;margin-top:0;margin-bottom:0;padding-top:var(--wp--preset--spacing--50);padding-bottom:var(--wp--preset--spacing--50)\">\n<h3 class=\"wp-block-heading has-text-align-center has-x-large-font-size\" id=\"schedule-a-visit\" style=\"line-height:1.15\">Do you like our house?<\/h3>\n\n\n\n<div class=\"wp-block-buttons is-horizontal is-content-justification-center is-layout-flex wp-container-core-buttons-is-layout-03627597 wp-block-buttons-is-layout-flex\">\n<div class=\"wp-block-button has-custom-width wp-block-button__width-50\"><a class=\"wp-block-button__link has-text-color has-background wp-element-button\" href=\"https:\/\/dumzaoskerusi.cz\/en\/#rezervace\" style=\"border-radius:50px;color:#ffffff;background-color:#000000\">Book accommodation<\/a><\/div>\n<\/div>\n<\/div>","protected":false},"excerpt":{"rendered":"<p>Ka\u017ed\u00fd si najde to sv\u00e9. Odpo\u010dinout si m\u016f\u017eete ve t\u0159ech pokoj\u00edch, ka\u017ed\u00fd si najde to sv\u00e9. Bude to stinn\u00fd modr\u00fd pokoj, kde pod okny kvetou hortenzie? Zelen\u00fd elegantn\u00ed pokoj s\u00a0v\u00fdhledem na buchlovick\u00e9 kopce nebo slunn\u00fd p\u0159\u00edrodn\u00ed pokoj, kde se m\u016f\u017eete uvelebit do houpac\u00edho k\u0159esla a&nbsp;neru\u0161en\u011b si \u010d\u00edst? Pokoje Odpo\u010dinout si m\u016f\u017eete ve t\u0159ech pokoj\u00edch, ka\u017ed\u00fd [&hellip;]<\/p>\n","protected":false},"author":1,"featured_media":0,"parent":0,"menu_order":0,"comment_status":"closed","ping_status":"closed","template":"","meta":{"footnotes":""},"class_list":["post-325","page","type-page","status-publish","hentry"],"yoast_head":"<!-- This site is optimized with the Yoast SEO plugin v27.4 - https:\/\/yoast.com\/product\/yoast-seo-wordpress\/ -->\n<title>Pokoje : D\u016fm za oskeru\u0161\u00ed<\/title>\n<meta name=\"description\" content=\"Ubytov\u00e1n\u00ed Buchlovice D\u016fm za oskeru\u0161\u00ed\" \/>\n<meta name=\"robots\" content=\"index, follow, max-snippet:-1, max-image-preview:large, max-video-preview:-1\" \/>\n<link rel=\"canonical\" href=\"https:\/\/dumzaoskerusi.cz\/en\/pokoje\/\" \/>\n<meta property=\"og:locale\" content=\"en_GB\" \/>\n<meta property=\"og:type\" content=\"article\" \/>\n<meta property=\"og:title\" content=\"Pokoje : D\u016fm za oskeru\u0161\u00ed\" \/>\n<meta property=\"og:description\" content=\"Ubytov\u00e1n\u00ed Buchlovice D\u016fm za oskeru\u0161\u00ed\" \/>\n<meta property=\"og:url\" content=\"https:\/\/dumzaoskerusi.cz\/en\/pokoje\/\" \/>\n<meta property=\"og:site_name\" content=\"D\u016fm za oskeru\u0161\u00ed\" \/>\n<meta property=\"article:publisher\" content=\"https:\/\/www.facebook.com\/dum.za.oskerusi\" \/>\n<meta property=\"article:modified_time\" content=\"2025-04-15T18:58:27+00:00\" \/>\n<meta property=\"og:image\" content=\"https:\/\/dumzaoskerusi.cz\/wp-content\/uploads\/2024\/11\/schema-pokoju02-1-scaled.jpg\" \/>\n\t<meta property=\"og:image:width\" content=\"2560\" \/>\n\t<meta property=\"og:image:height\" content=\"1563\" \/>\n\t<meta property=\"og:image:type\" content=\"image\/jpeg\" \/>\n<meta name=\"twitter:card\" content=\"summary_large_image\" \/>\n<meta name=\"twitter:label1\" content=\"Estimated reading time\" \/>\n\t<meta name=\"twitter:data1\" content=\"2 minutes\" \/>\n<script type=\"application\/ld+json\" class=\"yoast-schema-graph\">{\"@context\":\"https:\\\/\\\/schema.org\",\"@graph\":[{\"@type\":\"WebPage\",\"@id\":\"https:\\\/\\\/dumzaoskerusi.cz\\\/pokoje\\\/\",\"url\":\"https:\\\/\\\/dumzaoskerusi.cz\\\/pokoje\\\/\",\"name\":\"Pokoje : D\u016fm za oskeru\u0161\u00ed\",\"isPartOf\":{\"@id\":\"https:\\\/\\\/dumzaoskerusi.cz\\\/#website\"},\"primaryImageOfPage\":{\"@id\":\"https:\\\/\\\/dumzaoskerusi.cz\\\/pokoje\\\/#primaryimage\"},\"image\":{\"@id\":\"https:\\\/\\\/dumzaoskerusi.cz\\\/pokoje\\\/#primaryimage\"},\"thumbnailUrl\":\"http:\\\/\\\/dumzaoskerusi.cz\\\/wp-content\\\/uploads\\\/2024\\\/11\\\/schema-pokoju02-1-1024x625.jpg\",\"datePublished\":\"2024-10-31T17:50:19+00:00\",\"dateModified\":\"2025-04-15T18:58:27+00:00\",\"description\":\"Ubytov\u00e1n\u00ed Buchlovice D\u016fm za oskeru\u0161\u00ed\",\"breadcrumb\":{\"@id\":\"https:\\\/\\\/dumzaoskerusi.cz\\\/pokoje\\\/#breadcrumb\"},\"inLanguage\":\"en-GB\",\"potentialAction\":[{\"@type\":\"ReadAction\",\"target\":[\"https:\\\/\\\/dumzaoskerusi.cz\\\/pokoje\\\/\"]}]},{\"@type\":\"ImageObject\",\"inLanguage\":\"en-GB\",\"@id\":\"https:\\\/\\\/dumzaoskerusi.cz\\\/pokoje\\\/#primaryimage\",\"url\":\"http:\\\/\\\/dumzaoskerusi.cz\\\/wp-content\\\/uploads\\\/2024\\\/11\\\/schema-pokoju02-1-1024x625.jpg\",\"contentUrl\":\"http:\\\/\\\/dumzaoskerusi.cz\\\/wp-content\\\/uploads\\\/2024\\\/11\\\/schema-pokoju02-1-1024x625.jpg\"},{\"@type\":\"BreadcrumbList\",\"@id\":\"https:\\\/\\\/dumzaoskerusi.cz\\\/pokoje\\\/#breadcrumb\",\"itemListElement\":[{\"@type\":\"ListItem\",\"position\":1,\"name\":\"Dom\u016f\",\"item\":\"https:\\\/\\\/dumzaoskerusi.cz\\\/\"},{\"@type\":\"ListItem\",\"position\":2,\"name\":\"Pokoje\"}]},{\"@type\":\"WebSite\",\"@id\":\"https:\\\/\\\/dumzaoskerusi.cz\\\/#website\",\"url\":\"https:\\\/\\\/dumzaoskerusi.cz\\\/\",\"name\":\"D\u016fm za oskeru\u0161\u00ed\",\"description\":\"Ubytov\u00e1n\u00ed Buchlovice\",\"publisher\":{\"@id\":\"https:\\\/\\\/dumzaoskerusi.cz\\\/#organization\"},\"potentialAction\":[{\"@type\":\"SearchAction\",\"target\":{\"@type\":\"EntryPoint\",\"urlTemplate\":\"https:\\\/\\\/dumzaoskerusi.cz\\\/?s={search_term_string}\"},\"query-input\":{\"@type\":\"PropertyValueSpecification\",\"valueRequired\":true,\"valueName\":\"search_term_string\"}}],\"inLanguage\":\"en-GB\"},{\"@type\":\"Organization\",\"@id\":\"https:\\\/\\\/dumzaoskerusi.cz\\\/#organization\",\"name\":\"D\u016fm za oskeru\u0161\u00ed\",\"url\":\"https:\\\/\\\/dumzaoskerusi.cz\\\/\",\"logo\":{\"@type\":\"ImageObject\",\"inLanguage\":\"en-GB\",\"@id\":\"https:\\\/\\\/dumzaoskerusi.cz\\\/#\\\/schema\\\/logo\\\/image\\\/\",\"url\":\"https:\\\/\\\/dumzaoskerusi.cz\\\/wp-content\\\/uploads\\\/2024\\\/10\\\/Dum-za-oskerusi-logo-final.png\",\"contentUrl\":\"https:\\\/\\\/dumzaoskerusi.cz\\\/wp-content\\\/uploads\\\/2024\\\/10\\\/Dum-za-oskerusi-logo-final.png\",\"width\":1205,\"height\":306,\"caption\":\"D\u016fm za oskeru\u0161\u00ed\"},\"image\":{\"@id\":\"https:\\\/\\\/dumzaoskerusi.cz\\\/#\\\/schema\\\/logo\\\/image\\\/\"},\"sameAs\":[\"https:\\\/\\\/www.facebook.com\\\/dum.za.oskerusi\",\"https:\\\/\\\/www.instagram.com\\\/dumzaoskerusi_\\\/profilecard\\\/?igsh=ZHJpanM2M3ExNWY2\"]}]}<\/script>\n<!-- \/ Yoast SEO plugin. -->","yoast_head_json":{"title":"Pokoje : D\u016fm za oskeru\u0161\u00ed","description":"Ubytov\u00e1n\u00ed Buchlovice D\u016fm za oskeru\u0161\u00ed","robots":{"index":"index","follow":"follow","max-snippet":"max-snippet:-1","max-image-preview":"max-image-preview:large","max-video-preview":"max-video-preview:-1"},"canonical":"https:\/\/dumzaoskerusi.cz\/en\/pokoje\/","og_locale":"en_GB","og_type":"article","og_title":"Pokoje : D\u016fm za oskeru\u0161\u00ed","og_description":"Ubytov\u00e1n\u00ed Buchlovice D\u016fm za oskeru\u0161\u00ed","og_url":"https:\/\/dumzaoskerusi.cz\/en\/pokoje\/","og_site_name":"D\u016fm za oskeru\u0161\u00ed","article_publisher":"https:\/\/www.facebook.com\/dum.za.oskerusi","article_modified_time":"2025-04-15T18:58:27+00:00","og_image":[{"width":2560,"height":1563,"url":"https:\/\/dumzaoskerusi.cz\/wp-content\/uploads\/2024\/11\/schema-pokoju02-1-scaled.jpg","type":"image\/jpeg"}],"twitter_card":"summary_large_image","twitter_misc":{"Estimated reading time":"2 minutes"},"schema":{"@context":"https:\/\/schema.org","@graph":[{"@type":"WebPage","@id":"https:\/\/dumzaoskerusi.cz\/pokoje\/","url":"https:\/\/dumzaoskerusi.cz\/pokoje\/","name":"Pokoje : D\u016fm za oskeru\u0161\u00ed","isPartOf":{"@id":"https:\/\/dumzaoskerusi.cz\/#website"},"primaryImageOfPage":{"@id":"https:\/\/dumzaoskerusi.cz\/pokoje\/#primaryimage"},"image":{"@id":"https:\/\/dumzaoskerusi.cz\/pokoje\/#primaryimage"},"thumbnailUrl":"http:\/\/dumzaoskerusi.cz\/wp-content\/uploads\/2024\/11\/schema-pokoju02-1-1024x625.jpg","datePublished":"2024-10-31T17:50:19+00:00","dateModified":"2025-04-15T18:58:27+00:00","description":"Ubytov\u00e1n\u00ed Buchlovice D\u016fm za oskeru\u0161\u00ed","breadcrumb":{"@id":"https:\/\/dumzaoskerusi.cz\/pokoje\/#breadcrumb"},"inLanguage":"en-GB","potentialAction":[{"@type":"ReadAction","target":["https:\/\/dumzaoskerusi.cz\/pokoje\/"]}]},{"@type":"ImageObject","inLanguage":"en-GB","@id":"https:\/\/dumzaoskerusi.cz\/pokoje\/#primaryimage","url":"http:\/\/dumzaoskerusi.cz\/wp-content\/uploads\/2024\/11\/schema-pokoju02-1-1024x625.jpg","contentUrl":"http:\/\/dumzaoskerusi.cz\/wp-content\/uploads\/2024\/11\/schema-pokoju02-1-1024x625.jpg"},{"@type":"BreadcrumbList","@id":"https:\/\/dumzaoskerusi.cz\/pokoje\/#breadcrumb","itemListElement":[{"@type":"ListItem","position":1,"name":"Dom\u016f","item":"https:\/\/dumzaoskerusi.cz\/"},{"@type":"ListItem","position":2,"name":"Pokoje"}]},{"@type":"WebSite","@id":"https:\/\/dumzaoskerusi.cz\/#website","url":"https:\/\/dumzaoskerusi.cz\/","name":"D\u016fm za oskeru\u0161\u00ed","description":"Ubytov\u00e1n\u00ed Buchlovice","publisher":{"@id":"https:\/\/dumzaoskerusi.cz\/#organization"},"potentialAction":[{"@type":"SearchAction","target":{"@type":"EntryPoint","urlTemplate":"https:\/\/dumzaoskerusi.cz\/?s={search_term_string}"},"query-input":{"@type":"PropertyValueSpecification","valueRequired":true,"valueName":"search_term_string"}}],"inLanguage":"en-GB"},{"@type":"Organization","@id":"https:\/\/dumzaoskerusi.cz\/#organization","name":"D\u016fm za oskeru\u0161\u00ed","url":"https:\/\/dumzaoskerusi.cz\/","logo":{"@type":"ImageObject","inLanguage":"en-GB","@id":"https:\/\/dumzaoskerusi.cz\/#\/schema\/logo\/image\/","url":"https:\/\/dumzaoskerusi.cz\/wp-content\/uploads\/2024\/10\/Dum-za-oskerusi-logo-final.png","contentUrl":"https:\/\/dumzaoskerusi.cz\/wp-content\/uploads\/2024\/10\/Dum-za-oskerusi-logo-final.png","width":1205,"height":306,"caption":"D\u016fm za oskeru\u0161\u00ed"},"image":{"@id":"https:\/\/dumzaoskerusi.cz\/#\/schema\/logo\/image\/"},"sameAs":["https:\/\/www.facebook.com\/dum.za.oskerusi","https:\/\/www.instagram.com\/dumzaoskerusi_\/profilecard\/?igsh=ZHJpanM2M3ExNWY2"]}]}},"_links":{"self":[{"href":"https:\/\/dumzaoskerusi.cz\/en\/wp-json\/wp\/v2\/pages\/325","targetHints":{"allow":["GET"]}}],"collection":[{"href":"https:\/\/dumzaoskerusi.cz\/en\/wp-json\/wp\/v2\/pages"}],"about":[{"href":"https:\/\/dumzaoskerusi.cz\/en\/wp-json\/wp\/v2\/types\/page"}],"author":[{"embeddable":true,"href":"https:\/\/dumzaoskerusi.cz\/en\/wp-json\/wp\/v2\/users\/1"}],"replies":[{"embeddable":true,"href":"https:\/\/dumzaoskerusi.cz\/en\/wp-json\/wp\/v2\/comments?post=325"}],"version-history":[{"count":13,"href":"https:\/\/dumzaoskerusi.cz\/en\/wp-json\/wp\/v2\/pages\/325\/revisions"}],"predecessor-version":[{"id":417,"href":"https:\/\/dumzaoskerusi.cz\/en\/wp-json\/wp\/v2\/pages\/325\/revisions\/417"}],"wp:attachment":[{"href":"https:\/\/dumzaoskerusi.cz\/en\/wp-json\/wp\/v2\/media?parent=325"}],"curies":[{"name":"wp","href":"https:\/\/api.w.org\/{rel}","templated":true}]}}