{"id":304,"date":"2024-10-22T07:20:59","date_gmt":"2024-10-22T07:20:59","guid":{"rendered":"https:\/\/dumzaoskerusi.cz\/?page_id=304"},"modified":"2025-04-15T18:58:30","modified_gmt":"2025-04-15T18:58:30","slug":"o-oskerusi","status":"publish","type":"page","link":"https:\/\/dumzaoskerusi.cz\/en\/o-oskerusi\/","title":{"rendered":"Sorb tree"},"content":{"rendered":"<div class=\"wp-block-group alignfull has-base-background-color has-background has-global-padding is-layout-constrained wp-container-core-group-is-layout-d89aad35 wp-block-group-is-layout-constrained\" style=\"margin-top:0;margin-bottom:0;padding-top:var(--wp--preset--spacing--50);padding-right:var(--wp--preset--spacing--50);padding-bottom:var(--wp--preset--spacing--50);padding-left:var(--wp--preset--spacing--50);background-image:url(&apos;http:\/\/dumzaoskerusi.cz\/wp-content\/uploads\/2024\/10\/akvarel-JANA-01a-scaled.jpg&apos;);background-position:87% 51%;background-repeat:no-repeat;background-size:50%;\">\n<div class=\"wp-block-columns alignwide is-layout-flex wp-container-core-columns-is-layout-549b0c86 wp-block-columns-is-layout-flex\">\n<div class=\"wp-block-column is-layout-flow wp-container-core-column-is-layout-c951c46d wp-block-column-is-layout-flow\" style=\"flex-basis:100%\">\n<p class=\"has-heading-font-family has-x-large-font-size\" style=\"line-height:1.2\">Oskeru\u0161e je strom, kter\u00fd jen tak n\u011bkde nenajdete. Na\u0161e oskeru\u0161e je dcerou t\u00e9 nejstar\u0161\u00ed v&nbsp;Buchlovic\u00edch, kter\u00e1 roste v&nbsp;zahrad\u011b u&nbsp;soused\u016f.<\/p>\n\n\n\n<div class=\"wp-block-columns is-layout-flex wp-container-core-columns-is-layout-87beb0d0 wp-block-columns-is-layout-flex\">\n<div class=\"wp-block-column is-layout-flow wp-block-column-is-layout-flow\">\n<p class=\"wp-container-content-9cfa9a5a\">The sorb tree is a rare tree that comes straight from here, from South Moravia. Here in our country we just call it \"Oskeru\u0161a\". It has fragrant fruits that are better left to set for a while to get really sweet. They make a wonderful marmalade and you must try probably one of the rarest spirits \u2013 oskeru\u0161ovica. Our sorb tree is only a few decades old, but a few kilometres away you will find probably the oldest in the Czech Republic, Adamec's sorb tree, which is 400 years old.<\/p>\n<\/div>\n\n\n\n<div class=\"wp-block-column is-layout-flow wp-block-column-is-layout-flow\">\n<p>The alley on Chras\u0165ovka \u2013 In Buchlovice, on the old road to Buchlov, the so-called Chras\u0165ovka, a new alley of sorb trees was planted years ago by local gardeners. The seedlings have already become full-grown trees, which create a unique group of sorb trees not only within our region, but also within Europe. You can find the way to it on our private map of magical (unknown beautiful) places in the area.<\/p>\n<\/div>\n<\/div>\n<\/div>\n<\/div>\n<\/div>\n\n\n\n<div class=\"wp-block-cover alignfull is-light has-parallax\" style=\"padding-top:0;padding-right:0;padding-bottom:0;padding-left:0;min-height:800px;aspect-ratio:unset;\"><div class=\"wp-block-cover__image-background wp-image-549 has-parallax\" style=\"background-position:50% 50%;background-image:url(http:\/\/dumzaoskerusi.cz\/wp-content\/uploads\/2025\/01\/PHOTO-2025-01-24-06-58-49.jpg)\"><\/div><span aria-hidden=\"true\" class=\"wp-block-cover__background has-background-dim-0 has-background-dim\" style=\"background-color:#9ba3ab\"><\/span><div class=\"wp-block-cover__inner-container has-global-padding is-layout-constrained wp-container-core-cover-is-layout-dedbb937 wp-block-cover-is-layout-constrained\">\n<p class=\"has-text-align-center has-large-font-size\"><\/p>\n<\/div><\/div>\n\n\n\n<div class=\"wp-block-group alignfull has-base-2-color has-accent-background-color has-text-color has-background has-link-color wp-elements-986828e62e9930d4ccffa3418fa2403f has-global-padding is-layout-constrained wp-container-core-group-is-layout-facafb6f wp-block-group-is-layout-constrained\" style=\"margin-top:0;margin-bottom:0;padding-top:var(--wp--preset--spacing--50);padding-right:var(--wp--preset--spacing--50);padding-bottom:var(--wp--preset--spacing--50);padding-left:var(--wp--preset--spacing--50)\">\n<div class=\"wp-block-columns alignwide is-layout-flex wp-container-core-columns-is-layout-d1c656ed wp-block-columns-is-layout-flex\">\n<div class=\"wp-block-column is-vertically-aligned-stretch is-layout-flow wp-block-column-is-layout-flow\" style=\"padding-right:0;flex-basis:60%\">\n<div class=\"wp-block-group is-vertical is-content-justification-stretch is-layout-flex wp-container-core-group-is-layout-ae24f51d wp-block-group-is-layout-flex\" style=\"min-height:100%\">\n<figure class=\"wp-block-image size-full is-style-rounded is-style-rounded--1\"><img loading=\"lazy\" decoding=\"async\" width=\"1143\" height=\"1200\" src=\"https:\/\/dumzaoskerusi.cz\/wp-content\/uploads\/2024\/11\/28770-587102-1-clipboard01.jpg\" alt=\"\" class=\"wp-image-362\" style=\"aspect-ratio:9\/16;object-fit:cover\" srcset=\"https:\/\/dumzaoskerusi.cz\/wp-content\/uploads\/2024\/11\/28770-587102-1-clipboard01.jpg 1143w, https:\/\/dumzaoskerusi.cz\/wp-content\/uploads\/2024\/11\/28770-587102-1-clipboard01-286x300.jpg 286w, https:\/\/dumzaoskerusi.cz\/wp-content\/uploads\/2024\/11\/28770-587102-1-clipboard01-975x1024.jpg 975w, https:\/\/dumzaoskerusi.cz\/wp-content\/uploads\/2024\/11\/28770-587102-1-clipboard01-768x806.jpg 768w\" sizes=\"auto, (max-width: 1143px) 100vw, 1143px\" \/><\/figure>\n<\/div>\n<\/div>\n\n\n\n<div class=\"wp-block-column is-layout-flow wp-block-column-is-layout-flow\" style=\"flex-basis:40%\">\n<div class=\"wp-block-group has-global-padding is-layout-constrained wp-block-group-is-layout-constrained\">\n<p class=\"has-contrast-color has-text-color has-link-color has-large-font-size wp-elements-a1b5f6fc28f7307a3746e9592c4468cf\" style=\"font-style:normal;font-weight:500;line-height:1.2\">Interesting facts about the sorb tree<\/p>\n\n\n\n<div class=\"wp-block-group is-layout-flow wp-block-group-is-layout-flow\">\n<p class=\"has-contrast-color has-text-color has-link-color has-medium-font-size wp-elements-e7026f4059974bdfc39f98adc8c22e57\"><a href=\"https:\/\/en.wikipedia.org\/wiki\/Cormus_domestica\" target=\"_blank\" rel=\"noreferrer noopener\">Wikipedia<\/a><\/p>\n\n\n\n<p class=\"has-contrast-color has-text-color has-link-color has-medium-font-size wp-elements-ad3820b95ab19605fde6e769bcf79808\"><a href=\"https:\/\/edu.ceskatelevize.cz\/video\/8916-oskeruse\" target=\"_blank\" rel=\"noreferrer noopener\">Program on Czech Television<\/a><\/p>\n\n\n\n<p class=\"has-contrast-color has-text-color has-link-color has-medium-font-size wp-elements-9c7cee432a4b2c1165d95d2d05583b1b\"><a href=\"https:\/\/www.kudyznudy.cz\/aktivity\/oskeruse-strom-slovacka\" target=\"_blank\" rel=\"noreferrer noopener\">Tree of Slov\u00e1cko region<\/a><\/p>\n\n\n\n<figure class=\"wp-block-image size-full is-style-rounded is-style-rounded--2\"><img loading=\"lazy\" decoding=\"async\" width=\"654\" height=\"606\" src=\"http:\/\/dumzaoskerusi.cz\/wp-content\/uploads\/2024\/10\/oskeruse-plod.jpg\" alt=\"\" class=\"wp-image-305\" style=\"aspect-ratio:9\/16;object-fit:cover\" srcset=\"https:\/\/dumzaoskerusi.cz\/wp-content\/uploads\/2024\/10\/oskeruse-plod.jpg 654w, https:\/\/dumzaoskerusi.cz\/wp-content\/uploads\/2024\/10\/oskeruse-plod-300x278.jpg 300w\" sizes=\"auto, (max-width: 654px) 100vw, 654px\" \/><\/figure>\n<\/div>\n<\/div>\n<\/div>\n<\/div>\n<\/div>","protected":false},"excerpt":{"rendered":"<p>Oskeru\u0161e je strom, kter\u00fd jen tak n\u011bkde nenajdete. Na\u0161e oskeru\u0161e je dcerou t\u00e9 nejstar\u0161\u00ed v&nbsp;Buchlovic\u00edch, kter\u00e1 roste v&nbsp;zahrad\u011b u&nbsp;soused\u016f. Je\u0159\u00e1b oskeru\u0161e je vz\u00e1cn\u00fd strom, kter\u00fd poch\u00e1z\u00ed p\u0159\u00edmo odsud, z&nbsp;Ji\u017en\u00ed Moravy. Tady u&nbsp;n\u00e1s mu \u0159\u00edk\u00e1me jen \u201eoskoru\u0161a\u201c. M\u00e1 vo\u0148av\u00e9 plody, kter\u00e9 je lep\u0161\u00ed nechat chv\u00edli ule\u017eet, aby opravdu zesl\u00e1dly. D\u011bl\u00e1 se z&nbsp;nich \u00fa\u017easn\u00e1 marmel\u00e1da a&nbsp;mus\u00edte vyzkou\u0161et [&hellip;]<\/p>\n","protected":false},"author":1,"featured_media":0,"parent":0,"menu_order":0,"comment_status":"closed","ping_status":"closed","template":"","meta":{"footnotes":""},"class_list":["post-304","page","type-page","status-publish","hentry"],"yoast_head":"<!-- This site is optimized with the Yoast SEO plugin v27.4 - https:\/\/yoast.com\/product\/yoast-seo-wordpress\/ -->\n<title>O oskeru\u0161i : D\u016fm za oskeru\u0161\u00ed<\/title>\n<meta name=\"description\" content=\"Ubytov\u00e1n\u00ed Buchlovice D\u016fm za oskeru\u0161\u00ed\" \/>\n<meta name=\"robots\" content=\"index, follow, max-snippet:-1, max-image-preview:large, max-video-preview:-1\" \/>\n<link rel=\"canonical\" href=\"https:\/\/dumzaoskerusi.cz\/en\/o-oskerusi\/\" \/>\n<meta property=\"og:locale\" content=\"en_GB\" \/>\n<meta property=\"og:type\" content=\"article\" \/>\n<meta property=\"og:title\" content=\"O oskeru\u0161i : D\u016fm za oskeru\u0161\u00ed\" \/>\n<meta property=\"og:description\" content=\"Ubytov\u00e1n\u00ed Buchlovice D\u016fm za oskeru\u0161\u00ed\" \/>\n<meta property=\"og:url\" content=\"https:\/\/dumzaoskerusi.cz\/en\/o-oskerusi\/\" \/>\n<meta property=\"og:site_name\" content=\"D\u016fm za oskeru\u0161\u00ed\" \/>\n<meta property=\"article:publisher\" content=\"https:\/\/www.facebook.com\/dum.za.oskerusi\" \/>\n<meta property=\"article:modified_time\" content=\"2025-04-15T18:58:30+00:00\" \/>\n<meta property=\"og:image\" content=\"https:\/\/dumzaoskerusi.cz\/wp-content\/uploads\/2024\/11\/28770-587102-1-clipboard01.jpg\" \/>\n\t<meta property=\"og:image:width\" content=\"1143\" \/>\n\t<meta property=\"og:image:height\" content=\"1200\" \/>\n\t<meta property=\"og:image:type\" content=\"image\/jpeg\" \/>\n<meta name=\"twitter:card\" content=\"summary_large_image\" \/>\n<meta name=\"twitter:label1\" content=\"Estimated reading time\" \/>\n\t<meta name=\"twitter:data1\" content=\"2 minutes\" \/>\n<script type=\"application\/ld+json\" class=\"yoast-schema-graph\">{\"@context\":\"https:\\\/\\\/schema.org\",\"@graph\":[{\"@type\":\"WebPage\",\"@id\":\"https:\\\/\\\/dumzaoskerusi.cz\\\/o-oskerusi\\\/\",\"url\":\"https:\\\/\\\/dumzaoskerusi.cz\\\/o-oskerusi\\\/\",\"name\":\"O oskeru\u0161i : D\u016fm za oskeru\u0161\u00ed\",\"isPartOf\":{\"@id\":\"https:\\\/\\\/dumzaoskerusi.cz\\\/#website\"},\"primaryImageOfPage\":{\"@id\":\"https:\\\/\\\/dumzaoskerusi.cz\\\/o-oskerusi\\\/#primaryimage\"},\"image\":{\"@id\":\"https:\\\/\\\/dumzaoskerusi.cz\\\/o-oskerusi\\\/#primaryimage\"},\"thumbnailUrl\":\"https:\\\/\\\/dumzaoskerusi.cz\\\/wp-content\\\/uploads\\\/2024\\\/11\\\/28770-587102-1-clipboard01.jpg\",\"datePublished\":\"2024-10-22T07:20:59+00:00\",\"dateModified\":\"2025-04-15T18:58:30+00:00\",\"description\":\"Ubytov\u00e1n\u00ed Buchlovice D\u016fm za oskeru\u0161\u00ed\",\"breadcrumb\":{\"@id\":\"https:\\\/\\\/dumzaoskerusi.cz\\\/o-oskerusi\\\/#breadcrumb\"},\"inLanguage\":\"en-GB\",\"potentialAction\":[{\"@type\":\"ReadAction\",\"target\":[\"https:\\\/\\\/dumzaoskerusi.cz\\\/o-oskerusi\\\/\"]}]},{\"@type\":\"ImageObject\",\"inLanguage\":\"en-GB\",\"@id\":\"https:\\\/\\\/dumzaoskerusi.cz\\\/o-oskerusi\\\/#primaryimage\",\"url\":\"https:\\\/\\\/dumzaoskerusi.cz\\\/wp-content\\\/uploads\\\/2024\\\/11\\\/28770-587102-1-clipboard01.jpg\",\"contentUrl\":\"https:\\\/\\\/dumzaoskerusi.cz\\\/wp-content\\\/uploads\\\/2024\\\/11\\\/28770-587102-1-clipboard01.jpg\"},{\"@type\":\"BreadcrumbList\",\"@id\":\"https:\\\/\\\/dumzaoskerusi.cz\\\/o-oskerusi\\\/#breadcrumb\",\"itemListElement\":[{\"@type\":\"ListItem\",\"position\":1,\"name\":\"Dom\u016f\",\"item\":\"https:\\\/\\\/dumzaoskerusi.cz\\\/\"},{\"@type\":\"ListItem\",\"position\":2,\"name\":\"O oskeru\u0161i\"}]},{\"@type\":\"WebSite\",\"@id\":\"https:\\\/\\\/dumzaoskerusi.cz\\\/#website\",\"url\":\"https:\\\/\\\/dumzaoskerusi.cz\\\/\",\"name\":\"D\u016fm za oskeru\u0161\u00ed\",\"description\":\"Ubytov\u00e1n\u00ed Buchlovice\",\"publisher\":{\"@id\":\"https:\\\/\\\/dumzaoskerusi.cz\\\/#organization\"},\"potentialAction\":[{\"@type\":\"SearchAction\",\"target\":{\"@type\":\"EntryPoint\",\"urlTemplate\":\"https:\\\/\\\/dumzaoskerusi.cz\\\/?s={search_term_string}\"},\"query-input\":{\"@type\":\"PropertyValueSpecification\",\"valueRequired\":true,\"valueName\":\"search_term_string\"}}],\"inLanguage\":\"en-GB\"},{\"@type\":\"Organization\",\"@id\":\"https:\\\/\\\/dumzaoskerusi.cz\\\/#organization\",\"name\":\"D\u016fm za oskeru\u0161\u00ed\",\"url\":\"https:\\\/\\\/dumzaoskerusi.cz\\\/\",\"logo\":{\"@type\":\"ImageObject\",\"inLanguage\":\"en-GB\",\"@id\":\"https:\\\/\\\/dumzaoskerusi.cz\\\/#\\\/schema\\\/logo\\\/image\\\/\",\"url\":\"https:\\\/\\\/dumzaoskerusi.cz\\\/wp-content\\\/uploads\\\/2024\\\/10\\\/Dum-za-oskerusi-logo-final.png\",\"contentUrl\":\"https:\\\/\\\/dumzaoskerusi.cz\\\/wp-content\\\/uploads\\\/2024\\\/10\\\/Dum-za-oskerusi-logo-final.png\",\"width\":1205,\"height\":306,\"caption\":\"D\u016fm za oskeru\u0161\u00ed\"},\"image\":{\"@id\":\"https:\\\/\\\/dumzaoskerusi.cz\\\/#\\\/schema\\\/logo\\\/image\\\/\"},\"sameAs\":[\"https:\\\/\\\/www.facebook.com\\\/dum.za.oskerusi\",\"https:\\\/\\\/www.instagram.com\\\/dumzaoskerusi_\\\/profilecard\\\/?igsh=ZHJpanM2M3ExNWY2\"]}]}<\/script>\n<!-- \/ Yoast SEO plugin. -->","yoast_head_json":{"title":"O oskeru\u0161i : D\u016fm za oskeru\u0161\u00ed","description":"Ubytov\u00e1n\u00ed Buchlovice D\u016fm za oskeru\u0161\u00ed","robots":{"index":"index","follow":"follow","max-snippet":"max-snippet:-1","max-image-preview":"max-image-preview:large","max-video-preview":"max-video-preview:-1"},"canonical":"https:\/\/dumzaoskerusi.cz\/en\/o-oskerusi\/","og_locale":"en_GB","og_type":"article","og_title":"O oskeru\u0161i : D\u016fm za oskeru\u0161\u00ed","og_description":"Ubytov\u00e1n\u00ed Buchlovice D\u016fm za oskeru\u0161\u00ed","og_url":"https:\/\/dumzaoskerusi.cz\/en\/o-oskerusi\/","og_site_name":"D\u016fm za oskeru\u0161\u00ed","article_publisher":"https:\/\/www.facebook.com\/dum.za.oskerusi","article_modified_time":"2025-04-15T18:58:30+00:00","og_image":[{"width":1143,"height":1200,"url":"https:\/\/dumzaoskerusi.cz\/wp-content\/uploads\/2024\/11\/28770-587102-1-clipboard01.jpg","type":"image\/jpeg"}],"twitter_card":"summary_large_image","twitter_misc":{"Estimated reading time":"2 minutes"},"schema":{"@context":"https:\/\/schema.org","@graph":[{"@type":"WebPage","@id":"https:\/\/dumzaoskerusi.cz\/o-oskerusi\/","url":"https:\/\/dumzaoskerusi.cz\/o-oskerusi\/","name":"O oskeru\u0161i : D\u016fm za oskeru\u0161\u00ed","isPartOf":{"@id":"https:\/\/dumzaoskerusi.cz\/#website"},"primaryImageOfPage":{"@id":"https:\/\/dumzaoskerusi.cz\/o-oskerusi\/#primaryimage"},"image":{"@id":"https:\/\/dumzaoskerusi.cz\/o-oskerusi\/#primaryimage"},"thumbnailUrl":"https:\/\/dumzaoskerusi.cz\/wp-content\/uploads\/2024\/11\/28770-587102-1-clipboard01.jpg","datePublished":"2024-10-22T07:20:59+00:00","dateModified":"2025-04-15T18:58:30+00:00","description":"Ubytov\u00e1n\u00ed Buchlovice D\u016fm za oskeru\u0161\u00ed","breadcrumb":{"@id":"https:\/\/dumzaoskerusi.cz\/o-oskerusi\/#breadcrumb"},"inLanguage":"en-GB","potentialAction":[{"@type":"ReadAction","target":["https:\/\/dumzaoskerusi.cz\/o-oskerusi\/"]}]},{"@type":"ImageObject","inLanguage":"en-GB","@id":"https:\/\/dumzaoskerusi.cz\/o-oskerusi\/#primaryimage","url":"https:\/\/dumzaoskerusi.cz\/wp-content\/uploads\/2024\/11\/28770-587102-1-clipboard01.jpg","contentUrl":"https:\/\/dumzaoskerusi.cz\/wp-content\/uploads\/2024\/11\/28770-587102-1-clipboard01.jpg"},{"@type":"BreadcrumbList","@id":"https:\/\/dumzaoskerusi.cz\/o-oskerusi\/#breadcrumb","itemListElement":[{"@type":"ListItem","position":1,"name":"Dom\u016f","item":"https:\/\/dumzaoskerusi.cz\/"},{"@type":"ListItem","position":2,"name":"O oskeru\u0161i"}]},{"@type":"WebSite","@id":"https:\/\/dumzaoskerusi.cz\/#website","url":"https:\/\/dumzaoskerusi.cz\/","name":"D\u016fm za oskeru\u0161\u00ed","description":"Ubytov\u00e1n\u00ed Buchlovice","publisher":{"@id":"https:\/\/dumzaoskerusi.cz\/#organization"},"potentialAction":[{"@type":"SearchAction","target":{"@type":"EntryPoint","urlTemplate":"https:\/\/dumzaoskerusi.cz\/?s={search_term_string}"},"query-input":{"@type":"PropertyValueSpecification","valueRequired":true,"valueName":"search_term_string"}}],"inLanguage":"en-GB"},{"@type":"Organization","@id":"https:\/\/dumzaoskerusi.cz\/#organization","name":"D\u016fm za oskeru\u0161\u00ed","url":"https:\/\/dumzaoskerusi.cz\/","logo":{"@type":"ImageObject","inLanguage":"en-GB","@id":"https:\/\/dumzaoskerusi.cz\/#\/schema\/logo\/image\/","url":"https:\/\/dumzaoskerusi.cz\/wp-content\/uploads\/2024\/10\/Dum-za-oskerusi-logo-final.png","contentUrl":"https:\/\/dumzaoskerusi.cz\/wp-content\/uploads\/2024\/10\/Dum-za-oskerusi-logo-final.png","width":1205,"height":306,"caption":"D\u016fm za oskeru\u0161\u00ed"},"image":{"@id":"https:\/\/dumzaoskerusi.cz\/#\/schema\/logo\/image\/"},"sameAs":["https:\/\/www.facebook.com\/dum.za.oskerusi","https:\/\/www.instagram.com\/dumzaoskerusi_\/profilecard\/?igsh=ZHJpanM2M3ExNWY2"]}]}},"_links":{"self":[{"href":"https:\/\/dumzaoskerusi.cz\/en\/wp-json\/wp\/v2\/pages\/304","targetHints":{"allow":["GET"]}}],"collection":[{"href":"https:\/\/dumzaoskerusi.cz\/en\/wp-json\/wp\/v2\/pages"}],"about":[{"href":"https:\/\/dumzaoskerusi.cz\/en\/wp-json\/wp\/v2\/types\/page"}],"author":[{"embeddable":true,"href":"https:\/\/dumzaoskerusi.cz\/en\/wp-json\/wp\/v2\/users\/1"}],"replies":[{"embeddable":true,"href":"https:\/\/dumzaoskerusi.cz\/en\/wp-json\/wp\/v2\/comments?post=304"}],"version-history":[{"count":9,"href":"https:\/\/dumzaoskerusi.cz\/en\/wp-json\/wp\/v2\/pages\/304\/revisions"}],"predecessor-version":[{"id":560,"href":"https:\/\/dumzaoskerusi.cz\/en\/wp-json\/wp\/v2\/pages\/304\/revisions\/560"}],"wp:attachment":[{"href":"https:\/\/dumzaoskerusi.cz\/en\/wp-json\/wp\/v2\/media?parent=304"}],"curies":[{"name":"wp","href":"https:\/\/api.w.org\/{rel}","templated":true}]}}