{"id":271,"date":"2024-10-22T07:01:28","date_gmt":"2024-10-22T07:01:28","guid":{"rendered":"https:\/\/dumzaoskerusi.cz\/?page_id=271"},"modified":"2025-04-17T19:53:30","modified_gmt":"2025-04-17T19:53:30","slug":"prirodni-pokoj","status":"publish","type":"page","link":"https:\/\/dumzaoskerusi.cz\/en\/prirodni-pokoj\/","title":{"rendered":"Natural bedroom"},"content":{"rendered":"<div class=\"wp-block-group alignfull has-global-padding is-layout-constrained wp-container-core-group-is-layout-b25ccd55 wp-block-group-is-layout-constrained has-background\" style=\"margin-top:0;margin-bottom:0;padding-top:var(--wp--preset--spacing--50);padding-right:var(--wp--preset--spacing--50);padding-bottom:var(--wp--preset--spacing--50);padding-left:var(--wp--preset--spacing--50);background-image:url(&apos;https:\/\/dumzaoskerusi.cz\/wp-content\/uploads\/2024\/10\/akvarel-JANA-04a-scaled.jpg&apos;);background-position:0% 7.000000000000001%;background-size:50%;\">\n<div class=\"wp-block-columns alignwide is-layout-flex wp-container-core-columns-is-layout-ff4b9c61 wp-block-columns-is-layout-flex\" style=\"margin-top:0;margin-bottom:0\">\n<div class=\"wp-block-column is-layout-flow wp-container-core-column-is-layout-8a368f38 wp-block-column-is-layout-flow\">\n<figure class=\"wp-block-image size-large is-style-rounded image-box is-style-rounded--1\"><img loading=\"lazy\" decoding=\"async\" width=\"1024\" height=\"768\" src=\"http:\/\/dumzaoskerusi.cz\/wp-content\/uploads\/2024\/10\/p02a-1-1024x768.jpg\" alt=\"\" class=\"wp-image-266\" style=\"aspect-ratio:4\/3;object-fit:cover\" srcset=\"https:\/\/dumzaoskerusi.cz\/wp-content\/uploads\/2024\/10\/p02a-1-1024x768.jpg 1024w, https:\/\/dumzaoskerusi.cz\/wp-content\/uploads\/2024\/10\/p02a-1-300x225.jpg 300w, https:\/\/dumzaoskerusi.cz\/wp-content\/uploads\/2024\/10\/p02a-1-768x576.jpg 768w, https:\/\/dumzaoskerusi.cz\/wp-content\/uploads\/2024\/10\/p02a-1-1536x1152.jpg 1536w, https:\/\/dumzaoskerusi.cz\/wp-content\/uploads\/2024\/10\/p02a-1-2048x1536.jpg 2048w\" sizes=\"auto, (max-width: 1024px) 100vw, 1024px\" \/><\/figure>\n\n\n\n<div style=\"height:var(--wp--preset--spacing--50)\" aria-hidden=\"true\" class=\"wp-block-spacer\"><\/div>\n\n\n\n<figure class=\"wp-block-image size-large is-style-rounded image-box is-style-rounded--2\"><img loading=\"lazy\" decoding=\"async\" width=\"768\" height=\"1024\" src=\"http:\/\/dumzaoskerusi.cz\/wp-content\/uploads\/2024\/10\/p01-768x1024.jpg\" alt=\"\" class=\"wp-image-268\" style=\"aspect-ratio:3\/4;object-fit:cover\" srcset=\"https:\/\/dumzaoskerusi.cz\/wp-content\/uploads\/2024\/10\/p01-768x1024.jpg 768w, https:\/\/dumzaoskerusi.cz\/wp-content\/uploads\/2024\/10\/p01-225x300.jpg 225w, https:\/\/dumzaoskerusi.cz\/wp-content\/uploads\/2024\/10\/p01-1152x1536.jpg 1152w, https:\/\/dumzaoskerusi.cz\/wp-content\/uploads\/2024\/10\/p01-1536x2048.jpg 1536w, https:\/\/dumzaoskerusi.cz\/wp-content\/uploads\/2024\/10\/p01-scaled.jpg 1920w\" sizes=\"auto, (max-width: 768px) 100vw, 768px\" \/><\/figure>\n<\/div>\n\n\n\n<div class=\"wp-block-column is-layout-flow wp-container-core-column-is-layout-8a368f38 wp-block-column-is-layout-flow\">\n<div style=\"height:var(--wp--preset--spacing--50)\" aria-hidden=\"true\" class=\"wp-block-spacer\"><\/div>\n\n\n\n<figure class=\"wp-block-image size-large is-style-rounded image-box is-style-rounded--3\"><img loading=\"lazy\" decoding=\"async\" width=\"768\" height=\"1024\" src=\"http:\/\/dumzaoskerusi.cz\/wp-content\/uploads\/2024\/10\/p02b-768x1024.jpg\" alt=\"\" class=\"wp-image-267\" style=\"aspect-ratio:3\/4;object-fit:cover\" srcset=\"https:\/\/dumzaoskerusi.cz\/wp-content\/uploads\/2024\/10\/p02b-768x1024.jpg 768w, https:\/\/dumzaoskerusi.cz\/wp-content\/uploads\/2024\/10\/p02b-225x300.jpg 225w, https:\/\/dumzaoskerusi.cz\/wp-content\/uploads\/2024\/10\/p02b-1152x1536.jpg 1152w, https:\/\/dumzaoskerusi.cz\/wp-content\/uploads\/2024\/10\/p02b.jpg 1200w\" sizes=\"auto, (max-width: 768px) 100vw, 768px\" \/><\/figure>\n\n\n\n<div style=\"height:var(--wp--preset--spacing--50)\" aria-hidden=\"true\" class=\"wp-block-spacer\"><\/div>\n\n\n\n<figure class=\"wp-block-image size-large is-style-rounded image-box is-style-rounded--4\"><img loading=\"lazy\" decoding=\"async\" width=\"768\" height=\"1024\" src=\"https:\/\/dumzaoskerusi.cz\/wp-content\/uploads\/2024\/11\/POKOJE-768x1024.jpg\" alt=\"\" class=\"wp-image-407\" style=\"aspect-ratio:1;object-fit:cover\" srcset=\"https:\/\/dumzaoskerusi.cz\/wp-content\/uploads\/2024\/11\/POKOJE-768x1024.jpg 768w, https:\/\/dumzaoskerusi.cz\/wp-content\/uploads\/2024\/11\/POKOJE-225x300.jpg 225w, https:\/\/dumzaoskerusi.cz\/wp-content\/uploads\/2024\/11\/POKOJE-1152x1536.jpg 1152w, https:\/\/dumzaoskerusi.cz\/wp-content\/uploads\/2024\/11\/POKOJE-1536x2048.jpg 1536w, https:\/\/dumzaoskerusi.cz\/wp-content\/uploads\/2024\/11\/POKOJE-scaled.jpg 1920w\" sizes=\"auto, (max-width: 768px) 100vw, 768px\" \/><\/figure>\n<\/div>\n<\/div>\n<\/div>\n\n\n\n<div class=\"wp-block-group alignfull has-base-2-background-color has-text-color has-background has-global-padding is-layout-constrained wp-block-group-is-layout-constrained\" style=\"color:#000000;margin-top:0;margin-bottom:0;padding-top:var(--wp--preset--spacing--50);padding-bottom:var(--wp--preset--spacing--50)\">\n<h3 class=\"wp-block-heading has-text-align-center has-x-large-font-size\" id=\"schedule-a-visit\" style=\"line-height:1.15\">Do you like our house?<\/h3>\n\n\n\n<div class=\"wp-block-buttons is-horizontal is-content-justification-center is-layout-flex wp-container-core-buttons-is-layout-03627597 wp-block-buttons-is-layout-flex\">\n<div class=\"wp-block-button has-custom-width wp-block-button__width-50\"><a class=\"wp-block-button__link has-text-color has-background wp-element-button\" href=\"https:\/\/dumzaoskerusi.cz\/en\/#rezervace\" style=\"border-radius:50px;color:#ffffff;background-color:#000000\">Book accommodation<\/a><\/div>\n<\/div>\n<\/div>","protected":false},"excerpt":{"rendered":"","protected":false},"author":1,"featured_media":0,"parent":0,"menu_order":0,"comment_status":"closed","ping_status":"closed","template":"","meta":{"footnotes":""},"class_list":["post-271","page","type-page","status-publish","hentry"],"yoast_head":"<!-- This site is optimized with the Yoast SEO plugin v27.4 - https:\/\/yoast.com\/product\/yoast-seo-wordpress\/ -->\n<title>P\u0159\u00edrodn\u00ed pokoj : D\u016fm za oskeru\u0161\u00ed<\/title>\n<meta name=\"description\" content=\"D\u016fm za oskeru\u0161\u00ed, Ubytov\u00e1n\u00ed Buchlovice, Odpo\u010dinek, Zahrada, U lesa, Rodinn\u00fd penzion, Cyklist\u00e9 v\u00edt\u00e1ni, Rekrea\u010dn\u00ed ubytov\u00e1n\u00ed, Rekrea\u010dn\u00ed chaty a chalupy, Rodinn\u00fd penzion\" \/>\n<meta name=\"robots\" content=\"index, follow, max-snippet:-1, max-image-preview:large, max-video-preview:-1\" \/>\n<link rel=\"canonical\" href=\"https:\/\/dumzaoskerusi.cz\/en\/prirodni-pokoj\/\" \/>\n<meta property=\"og:locale\" content=\"en_GB\" \/>\n<meta property=\"og:type\" content=\"article\" \/>\n<meta property=\"og:title\" content=\"P\u0159\u00edrodn\u00ed pokoj : D\u016fm za oskeru\u0161\u00ed\" \/>\n<meta property=\"og:description\" content=\"D\u016fm za oskeru\u0161\u00ed, Ubytov\u00e1n\u00ed Buchlovice, Odpo\u010dinek, Zahrada, U lesa, Rodinn\u00fd penzion, Cyklist\u00e9 v\u00edt\u00e1ni, Rekrea\u010dn\u00ed ubytov\u00e1n\u00ed, Rekrea\u010dn\u00ed chaty a chalupy, Rodinn\u00fd penzion\" \/>\n<meta property=\"og:url\" content=\"https:\/\/dumzaoskerusi.cz\/en\/prirodni-pokoj\/\" \/>\n<meta property=\"og:site_name\" content=\"D\u016fm za oskeru\u0161\u00ed\" \/>\n<meta property=\"article:publisher\" content=\"https:\/\/www.facebook.com\/dum.za.oskerusi\" \/>\n<meta property=\"article:modified_time\" content=\"2025-04-17T19:53:30+00:00\" \/>\n<meta property=\"og:image\" content=\"https:\/\/dumzaoskerusi.cz\/wp-content\/uploads\/2024\/10\/p02a-1-scaled.jpg\" \/>\n\t<meta property=\"og:image:width\" content=\"2560\" \/>\n\t<meta property=\"og:image:height\" content=\"1920\" \/>\n\t<meta property=\"og:image:type\" content=\"image\/jpeg\" \/>\n<meta name=\"twitter:card\" content=\"summary_large_image\" \/>\n<meta name=\"twitter:label1\" content=\"Estimated reading time\" \/>\n\t<meta name=\"twitter:data1\" content=\"2 minutes\" \/>\n<script type=\"application\/ld+json\" class=\"yoast-schema-graph\">{\"@context\":\"https:\\\/\\\/schema.org\",\"@graph\":[{\"@type\":\"WebPage\",\"@id\":\"https:\\\/\\\/dumzaoskerusi.cz\\\/prirodni-pokoj\\\/\",\"url\":\"https:\\\/\\\/dumzaoskerusi.cz\\\/prirodni-pokoj\\\/\",\"name\":\"P\u0159\u00edrodn\u00ed pokoj : D\u016fm za oskeru\u0161\u00ed\",\"isPartOf\":{\"@id\":\"https:\\\/\\\/dumzaoskerusi.cz\\\/#website\"},\"primaryImageOfPage\":{\"@id\":\"https:\\\/\\\/dumzaoskerusi.cz\\\/prirodni-pokoj\\\/#primaryimage\"},\"image\":{\"@id\":\"https:\\\/\\\/dumzaoskerusi.cz\\\/prirodni-pokoj\\\/#primaryimage\"},\"thumbnailUrl\":\"http:\\\/\\\/dumzaoskerusi.cz\\\/wp-content\\\/uploads\\\/2024\\\/10\\\/p02a-1-1024x768.jpg\",\"datePublished\":\"2024-10-22T07:01:28+00:00\",\"dateModified\":\"2025-04-17T19:53:30+00:00\",\"description\":\"D\u016fm za oskeru\u0161\u00ed, Ubytov\u00e1n\u00ed Buchlovice, Odpo\u010dinek, Zahrada, U lesa, Rodinn\u00fd penzion, Cyklist\u00e9 v\u00edt\u00e1ni, Rekrea\u010dn\u00ed ubytov\u00e1n\u00ed, Rekrea\u010dn\u00ed chaty a chalupy, Rodinn\u00fd penzion\",\"breadcrumb\":{\"@id\":\"https:\\\/\\\/dumzaoskerusi.cz\\\/prirodni-pokoj\\\/#breadcrumb\"},\"inLanguage\":\"en-GB\",\"potentialAction\":[{\"@type\":\"ReadAction\",\"target\":[\"https:\\\/\\\/dumzaoskerusi.cz\\\/prirodni-pokoj\\\/\"]}]},{\"@type\":\"ImageObject\",\"inLanguage\":\"en-GB\",\"@id\":\"https:\\\/\\\/dumzaoskerusi.cz\\\/prirodni-pokoj\\\/#primaryimage\",\"url\":\"http:\\\/\\\/dumzaoskerusi.cz\\\/wp-content\\\/uploads\\\/2024\\\/10\\\/p02a-1-1024x768.jpg\",\"contentUrl\":\"http:\\\/\\\/dumzaoskerusi.cz\\\/wp-content\\\/uploads\\\/2024\\\/10\\\/p02a-1-1024x768.jpg\"},{\"@type\":\"BreadcrumbList\",\"@id\":\"https:\\\/\\\/dumzaoskerusi.cz\\\/prirodni-pokoj\\\/#breadcrumb\",\"itemListElement\":[{\"@type\":\"ListItem\",\"position\":1,\"name\":\"Dom\u016f\",\"item\":\"https:\\\/\\\/dumzaoskerusi.cz\\\/\"},{\"@type\":\"ListItem\",\"position\":2,\"name\":\"P\u0159\u00edrodn\u00ed pokoj\"}]},{\"@type\":\"WebSite\",\"@id\":\"https:\\\/\\\/dumzaoskerusi.cz\\\/#website\",\"url\":\"https:\\\/\\\/dumzaoskerusi.cz\\\/\",\"name\":\"D\u016fm za oskeru\u0161\u00ed\",\"description\":\"Ubytov\u00e1n\u00ed Buchlovice\",\"publisher\":{\"@id\":\"https:\\\/\\\/dumzaoskerusi.cz\\\/#organization\"},\"potentialAction\":[{\"@type\":\"SearchAction\",\"target\":{\"@type\":\"EntryPoint\",\"urlTemplate\":\"https:\\\/\\\/dumzaoskerusi.cz\\\/?s={search_term_string}\"},\"query-input\":{\"@type\":\"PropertyValueSpecification\",\"valueRequired\":true,\"valueName\":\"search_term_string\"}}],\"inLanguage\":\"en-GB\"},{\"@type\":\"Organization\",\"@id\":\"https:\\\/\\\/dumzaoskerusi.cz\\\/#organization\",\"name\":\"D\u016fm za oskeru\u0161\u00ed\",\"url\":\"https:\\\/\\\/dumzaoskerusi.cz\\\/\",\"logo\":{\"@type\":\"ImageObject\",\"inLanguage\":\"en-GB\",\"@id\":\"https:\\\/\\\/dumzaoskerusi.cz\\\/#\\\/schema\\\/logo\\\/image\\\/\",\"url\":\"https:\\\/\\\/dumzaoskerusi.cz\\\/wp-content\\\/uploads\\\/2024\\\/10\\\/Dum-za-oskerusi-logo-final.png\",\"contentUrl\":\"https:\\\/\\\/dumzaoskerusi.cz\\\/wp-content\\\/uploads\\\/2024\\\/10\\\/Dum-za-oskerusi-logo-final.png\",\"width\":1205,\"height\":306,\"caption\":\"D\u016fm za oskeru\u0161\u00ed\"},\"image\":{\"@id\":\"https:\\\/\\\/dumzaoskerusi.cz\\\/#\\\/schema\\\/logo\\\/image\\\/\"},\"sameAs\":[\"https:\\\/\\\/www.facebook.com\\\/dum.za.oskerusi\",\"https:\\\/\\\/www.instagram.com\\\/dumzaoskerusi_\\\/profilecard\\\/?igsh=ZHJpanM2M3ExNWY2\"]}]}<\/script>\n<!-- \/ Yoast SEO plugin. -->","yoast_head_json":{"title":"P\u0159\u00edrodn\u00ed pokoj : D\u016fm za oskeru\u0161\u00ed","description":"D\u016fm za oskeru\u0161\u00ed, Ubytov\u00e1n\u00ed Buchlovice, Odpo\u010dinek, Zahrada, U lesa, Rodinn\u00fd penzion, Cyklist\u00e9 v\u00edt\u00e1ni, Rekrea\u010dn\u00ed ubytov\u00e1n\u00ed, Rekrea\u010dn\u00ed chaty a chalupy, Rodinn\u00fd penzion","robots":{"index":"index","follow":"follow","max-snippet":"max-snippet:-1","max-image-preview":"max-image-preview:large","max-video-preview":"max-video-preview:-1"},"canonical":"https:\/\/dumzaoskerusi.cz\/en\/prirodni-pokoj\/","og_locale":"en_GB","og_type":"article","og_title":"P\u0159\u00edrodn\u00ed pokoj : D\u016fm za oskeru\u0161\u00ed","og_description":"D\u016fm za oskeru\u0161\u00ed, Ubytov\u00e1n\u00ed Buchlovice, Odpo\u010dinek, Zahrada, U lesa, Rodinn\u00fd penzion, Cyklist\u00e9 v\u00edt\u00e1ni, Rekrea\u010dn\u00ed ubytov\u00e1n\u00ed, Rekrea\u010dn\u00ed chaty a chalupy, Rodinn\u00fd penzion","og_url":"https:\/\/dumzaoskerusi.cz\/en\/prirodni-pokoj\/","og_site_name":"D\u016fm za oskeru\u0161\u00ed","article_publisher":"https:\/\/www.facebook.com\/dum.za.oskerusi","article_modified_time":"2025-04-17T19:53:30+00:00","og_image":[{"width":2560,"height":1920,"url":"https:\/\/dumzaoskerusi.cz\/wp-content\/uploads\/2024\/10\/p02a-1-scaled.jpg","type":"image\/jpeg"}],"twitter_card":"summary_large_image","twitter_misc":{"Estimated reading time":"2 minutes"},"schema":{"@context":"https:\/\/schema.org","@graph":[{"@type":"WebPage","@id":"https:\/\/dumzaoskerusi.cz\/prirodni-pokoj\/","url":"https:\/\/dumzaoskerusi.cz\/prirodni-pokoj\/","name":"P\u0159\u00edrodn\u00ed pokoj : D\u016fm za oskeru\u0161\u00ed","isPartOf":{"@id":"https:\/\/dumzaoskerusi.cz\/#website"},"primaryImageOfPage":{"@id":"https:\/\/dumzaoskerusi.cz\/prirodni-pokoj\/#primaryimage"},"image":{"@id":"https:\/\/dumzaoskerusi.cz\/prirodni-pokoj\/#primaryimage"},"thumbnailUrl":"http:\/\/dumzaoskerusi.cz\/wp-content\/uploads\/2024\/10\/p02a-1-1024x768.jpg","datePublished":"2024-10-22T07:01:28+00:00","dateModified":"2025-04-17T19:53:30+00:00","description":"D\u016fm za oskeru\u0161\u00ed, Ubytov\u00e1n\u00ed Buchlovice, Odpo\u010dinek, Zahrada, U lesa, Rodinn\u00fd penzion, Cyklist\u00e9 v\u00edt\u00e1ni, Rekrea\u010dn\u00ed ubytov\u00e1n\u00ed, Rekrea\u010dn\u00ed chaty a chalupy, Rodinn\u00fd penzion","breadcrumb":{"@id":"https:\/\/dumzaoskerusi.cz\/prirodni-pokoj\/#breadcrumb"},"inLanguage":"en-GB","potentialAction":[{"@type":"ReadAction","target":["https:\/\/dumzaoskerusi.cz\/prirodni-pokoj\/"]}]},{"@type":"ImageObject","inLanguage":"en-GB","@id":"https:\/\/dumzaoskerusi.cz\/prirodni-pokoj\/#primaryimage","url":"http:\/\/dumzaoskerusi.cz\/wp-content\/uploads\/2024\/10\/p02a-1-1024x768.jpg","contentUrl":"http:\/\/dumzaoskerusi.cz\/wp-content\/uploads\/2024\/10\/p02a-1-1024x768.jpg"},{"@type":"BreadcrumbList","@id":"https:\/\/dumzaoskerusi.cz\/prirodni-pokoj\/#breadcrumb","itemListElement":[{"@type":"ListItem","position":1,"name":"Dom\u016f","item":"https:\/\/dumzaoskerusi.cz\/"},{"@type":"ListItem","position":2,"name":"P\u0159\u00edrodn\u00ed pokoj"}]},{"@type":"WebSite","@id":"https:\/\/dumzaoskerusi.cz\/#website","url":"https:\/\/dumzaoskerusi.cz\/","name":"D\u016fm za oskeru\u0161\u00ed","description":"Ubytov\u00e1n\u00ed Buchlovice","publisher":{"@id":"https:\/\/dumzaoskerusi.cz\/#organization"},"potentialAction":[{"@type":"SearchAction","target":{"@type":"EntryPoint","urlTemplate":"https:\/\/dumzaoskerusi.cz\/?s={search_term_string}"},"query-input":{"@type":"PropertyValueSpecification","valueRequired":true,"valueName":"search_term_string"}}],"inLanguage":"en-GB"},{"@type":"Organization","@id":"https:\/\/dumzaoskerusi.cz\/#organization","name":"D\u016fm za oskeru\u0161\u00ed","url":"https:\/\/dumzaoskerusi.cz\/","logo":{"@type":"ImageObject","inLanguage":"en-GB","@id":"https:\/\/dumzaoskerusi.cz\/#\/schema\/logo\/image\/","url":"https:\/\/dumzaoskerusi.cz\/wp-content\/uploads\/2024\/10\/Dum-za-oskerusi-logo-final.png","contentUrl":"https:\/\/dumzaoskerusi.cz\/wp-content\/uploads\/2024\/10\/Dum-za-oskerusi-logo-final.png","width":1205,"height":306,"caption":"D\u016fm za oskeru\u0161\u00ed"},"image":{"@id":"https:\/\/dumzaoskerusi.cz\/#\/schema\/logo\/image\/"},"sameAs":["https:\/\/www.facebook.com\/dum.za.oskerusi","https:\/\/www.instagram.com\/dumzaoskerusi_\/profilecard\/?igsh=ZHJpanM2M3ExNWY2"]}]}},"_links":{"self":[{"href":"https:\/\/dumzaoskerusi.cz\/en\/wp-json\/wp\/v2\/pages\/271","targetHints":{"allow":["GET"]}}],"collection":[{"href":"https:\/\/dumzaoskerusi.cz\/en\/wp-json\/wp\/v2\/pages"}],"about":[{"href":"https:\/\/dumzaoskerusi.cz\/en\/wp-json\/wp\/v2\/types\/page"}],"author":[{"embeddable":true,"href":"https:\/\/dumzaoskerusi.cz\/en\/wp-json\/wp\/v2\/users\/1"}],"replies":[{"embeddable":true,"href":"https:\/\/dumzaoskerusi.cz\/en\/wp-json\/wp\/v2\/comments?post=271"}],"version-history":[{"count":5,"href":"https:\/\/dumzaoskerusi.cz\/en\/wp-json\/wp\/v2\/pages\/271\/revisions"}],"predecessor-version":[{"id":408,"href":"https:\/\/dumzaoskerusi.cz\/en\/wp-json\/wp\/v2\/pages\/271\/revisions\/408"}],"wp:attachment":[{"href":"https:\/\/dumzaoskerusi.cz\/en\/wp-json\/wp\/v2\/media?parent=271"}],"curies":[{"name":"wp","href":"https:\/\/api.w.org\/{rel}","templated":true}]}}