{"id":221,"date":"2024-10-12T17:02:28","date_gmt":"2024-10-12T17:02:28","guid":{"rendered":"https:\/\/dumzaoskerusi.cz\/?page_id=221"},"modified":"2025-04-22T08:43:15","modified_gmt":"2025-04-22T08:43:15","slug":"o-domu","status":"publish","type":"page","link":"https:\/\/dumzaoskerusi.cz\/en\/o-domu\/","title":{"rendered":"The house"},"content":{"rendered":"<div class=\"wp-block-group alignfull has-base-background-color has-background has-global-padding is-layout-constrained wp-container-core-group-is-layout-d89aad35 wp-block-group-is-layout-constrained\" style=\"margin-top:0;margin-bottom:0;padding-top:var(--wp--preset--spacing--50);padding-right:var(--wp--preset--spacing--50);padding-bottom:var(--wp--preset--spacing--50);padding-left:var(--wp--preset--spacing--50);background-image:url(&apos;http:\/\/dumzaoskerusi.cz\/wp-content\/uploads\/2024\/10\/akvarel-JANA-05b-scaled.jpg&apos;);background-position:100% 55.00000000000001%;background-repeat:no-repeat;background-size:20%;\">\n<div class=\"wp-block-columns alignwide is-layout-flex wp-container-core-columns-is-layout-549b0c86 wp-block-columns-is-layout-flex\">\n<div class=\"wp-block-column has-global-padding is-content-justification-left is-layout-constrained wp-container-core-column-is-layout-4f15e8fe wp-block-column-is-layout-constrained\" style=\"flex-basis:40%\">\n<h2 class=\"wp-block-heading\">House story<\/h2>\n<\/div>\n\n\n\n<div class=\"wp-block-column is-layout-flow wp-container-core-column-is-layout-119bc444 wp-block-column-is-layout-flow\" style=\"flex-basis:60%\">\n<div class=\"wp-block-columns is-layout-flex wp-container-core-columns-is-layout-87beb0d0 wp-block-columns-is-layout-flex\">\n<div class=\"wp-block-column is-layout-flow wp-block-column-is-layout-flow\">\n<p class=\"wp-container-content-9cfa9a5a\">The House behind the sorb tree is a place you will love to come back to. It is hidden at the very end of the town of Buchlovice, in the hill, in the shade of the forest. Deer nibble on the old apple trees under the windows and crickets chirp tirelessly until dusk. You'll want to read the books you never had time for in the past, paint pictures with watercolours or just relax in the hammock and listen to the birds chirping.<\/p>\n\n\n\n<p>Let's ... paint, read, bake bread, practice yoga, dry apples, mushrooms, oscorus, wander, laze or jump rope ...<\/p>\n<\/div>\n<\/div>\n<\/div>\n<\/div>\n<\/div>\n\n\n\n<div class=\"wp-block-cover alignfull has-parallax\" style=\"padding-top:var(--wp--preset--spacing--30);padding-right:var(--wp--preset--spacing--30);padding-bottom:var(--wp--preset--spacing--30);padding-left:var(--wp--preset--spacing--30);min-height:50vh;aspect-ratio:unset;\"><span aria-hidden=\"true\" class=\"wp-block-cover__background has-base-background-color has-background-dim-0 has-background-dim\"><\/span><div class=\"wp-block-cover__image-background wp-image-159 has-parallax\" style=\"background-position:50% 50%;background-image:url(http:\/\/dumzaoskerusi.cz\/wp-content\/uploads\/2024\/10\/veranda01-1-scaled.jpeg)\"><\/div><div class=\"wp-block-cover__inner-container has-global-padding is-layout-constrained wp-container-core-cover-is-layout-e10ca314 wp-block-cover-is-layout-constrained\">\n<div style=\"height:500px\" aria-hidden=\"true\" class=\"wp-block-spacer\"><\/div>\n<\/div><\/div>\n\n\n\n<div class=\"wp-block-columns is-layout-flex wp-container-core-columns-is-layout-28f84493 wp-block-columns-is-layout-flex\">\n<div class=\"wp-block-column is-layout-flow wp-block-column-is-layout-flow\"><\/div>\n<\/div>\n\n\n\n<div class=\"wp-block-group alignfull has-global-padding is-layout-constrained wp-container-core-group-is-layout-d89aad35 wp-block-group-is-layout-constrained has-background\" style=\"margin-top:0;margin-bottom:0;padding-top:var(--wp--preset--spacing--50);padding-right:var(--wp--preset--spacing--50);padding-bottom:var(--wp--preset--spacing--50);padding-left:var(--wp--preset--spacing--50);background-image:url(&apos;https:\/\/dumzaoskerusi.cz\/wp-content\/uploads\/2024\/10\/akvarel-JANA-03a-scaled.jpg&apos;);background-position:0% 44%;background-repeat:no-repeat;background-size:contain;\">\n<div class=\"wp-block-group alignwide has-global-padding is-layout-constrained wp-container-core-group-is-layout-19e250f3 wp-block-group-is-layout-constrained\">\n<div class=\"wp-block-columns alignwide is-layout-flex wp-container-core-columns-is-layout-d1c656ed wp-block-columns-is-layout-flex\">\n<div class=\"wp-block-column is-layout-flow wp-block-column-is-layout-flow\" style=\"flex-basis:50%\">\n<figure class=\"wp-block-image size-large is-style-rounded image-box is-style-rounded--1\"><img loading=\"lazy\" decoding=\"async\" width=\"766\" height=\"1024\" src=\"https:\/\/dumzaoskerusi.cz\/wp-content\/uploads\/2024\/11\/D01-766x1024.jpg\" alt=\"\" class=\"wp-image-409\" style=\"aspect-ratio:0.75;object-fit:cover\" title=\"\" srcset=\"https:\/\/dumzaoskerusi.cz\/wp-content\/uploads\/2024\/11\/D01-766x1024.jpg 766w, https:\/\/dumzaoskerusi.cz\/wp-content\/uploads\/2024\/11\/D01-224x300.jpg 224w, https:\/\/dumzaoskerusi.cz\/wp-content\/uploads\/2024\/11\/D01-768x1027.jpg 768w, https:\/\/dumzaoskerusi.cz\/wp-content\/uploads\/2024\/11\/D01-1149x1536.jpg 1149w, https:\/\/dumzaoskerusi.cz\/wp-content\/uploads\/2024\/11\/D01-1532x2048.jpg 1532w, https:\/\/dumzaoskerusi.cz\/wp-content\/uploads\/2024\/11\/D01-scaled.jpg 1915w\" sizes=\"auto, (max-width: 766px) 100vw, 766px\" \/><\/figure>\n<\/div>\n\n\n\n<div class=\"wp-block-column is-vertically-aligned-center is-layout-flow wp-block-column-is-layout-flow\" style=\"flex-basis:40%\">\n<h2 class=\"wp-block-heading is-style-asterisk\">A place of peace and harmony<\/h2>\n\n\n\n<p>We renovated the old house with our four children on our own to bring it back to life. Gradually, we uncovered layers of paintings and original furnishings and began to discover its mysterious beauty. We wanted to turn it into a place where you can be together, forget about your daily duties and relax.<\/p>\n\n\n\n<div style=\"height:42px\" aria-hidden=\"true\" class=\"wp-block-spacer\"><\/div>\n\n\n\n<h2 class=\"wp-block-heading is-style-asterisk\">Kitchen equipment<\/h2>\n\n\n\n<p>In the kitchen you will find everything you need. You can bake a cake from the currants and berries behind the house, or just make  good coffee in the porcelain mug your grandmother used to have. There are pots,a kettle,a  dishwasher, an electric coffee grinder and many more. You can set dinner for up to eight people at the spacious dining room table.<\/p>\n\n\n\n<p class=\"translation-block\"><strong>Kitchen<\/strong> \u2013 an electric oven, an electric hob,a microwave oven,a fridge, a dishwasher, an electric kettle, an electric coffee grinder, cooking and tableware, a ceramic bread pan<\/p>\n<\/div>\n<\/div>\n\n\n\n<div style=\"height:57px\" aria-hidden=\"true\" class=\"wp-block-spacer\"><\/div>\n<\/div>\n<\/div>\n\n\n\n<div class=\"wp-block-group alignfull has-base-2-color has-text-color has-background has-link-color wp-elements-949c575feb41b0f06feeb66d22af9da6 has-global-padding is-layout-constrained wp-container-core-group-is-layout-facafb6f wp-block-group-is-layout-constrained\" style=\"background-color:#c7caca;margin-top:0;margin-bottom:0;padding-top:var(--wp--preset--spacing--50);padding-right:var(--wp--preset--spacing--50);padding-bottom:var(--wp--preset--spacing--50);padding-left:var(--wp--preset--spacing--50)\">\n<div class=\"wp-block-columns alignwide is-layout-flex wp-container-core-columns-is-layout-d1c656ed wp-block-columns-is-layout-flex\">\n<div class=\"wp-block-column is-vertically-aligned-stretch is-layout-flow wp-block-column-is-layout-flow\" style=\"padding-right:0;flex-basis:60%\">\n<div class=\"wp-block-group is-vertical is-content-justification-stretch is-layout-flex wp-container-core-group-is-layout-ae24f51d wp-block-group-is-layout-flex\" style=\"min-height:49%\">\n<figure class=\"wp-block-image size-large is-style-rounded image-box is-style-rounded--2\"><img loading=\"lazy\" decoding=\"async\" width=\"768\" height=\"1024\" src=\"https:\/\/dumzaoskerusi.cz\/wp-content\/uploads\/2024\/10\/D04-768x1024.jpg\" alt=\"\" class=\"wp-image-227\" style=\"aspect-ratio:3\/4;object-fit:cover\" srcset=\"https:\/\/dumzaoskerusi.cz\/wp-content\/uploads\/2024\/10\/D04-768x1024.jpg 768w, https:\/\/dumzaoskerusi.cz\/wp-content\/uploads\/2024\/10\/D04-225x300.jpg 225w, https:\/\/dumzaoskerusi.cz\/wp-content\/uploads\/2024\/10\/D04-1152x1536.jpg 1152w, https:\/\/dumzaoskerusi.cz\/wp-content\/uploads\/2024\/10\/D04-1536x2048.jpg 1536w, https:\/\/dumzaoskerusi.cz\/wp-content\/uploads\/2024\/10\/D04-scaled.jpg 1920w\" sizes=\"auto, (max-width: 768px) 100vw, 768px\" \/><\/figure>\n\n\n\n<figure class=\"wp-block-image size-large is-style-rounded image-box is-style-rounded--3\"><img loading=\"lazy\" decoding=\"async\" width=\"766\" height=\"1024\" src=\"https:\/\/dumzaoskerusi.cz\/wp-content\/uploads\/2024\/11\/D02-766x1024.jpg\" alt=\"\" class=\"wp-image-411\" style=\"aspect-ratio:1;object-fit:cover\" srcset=\"https:\/\/dumzaoskerusi.cz\/wp-content\/uploads\/2024\/11\/D02-766x1024.jpg 766w, https:\/\/dumzaoskerusi.cz\/wp-content\/uploads\/2024\/11\/D02-224x300.jpg 224w, https:\/\/dumzaoskerusi.cz\/wp-content\/uploads\/2024\/11\/D02-768x1027.jpg 768w, https:\/\/dumzaoskerusi.cz\/wp-content\/uploads\/2024\/11\/D02-1149x1536.jpg 1149w, https:\/\/dumzaoskerusi.cz\/wp-content\/uploads\/2024\/11\/D02-1532x2048.jpg 1532w, https:\/\/dumzaoskerusi.cz\/wp-content\/uploads\/2024\/11\/D02-scaled.jpg 1915w\" sizes=\"auto, (max-width: 766px) 100vw, 766px\" \/><\/figure>\n<\/div>\n<\/div>\n\n\n\n<div class=\"wp-block-column is-layout-flow wp-block-column-is-layout-flow\" style=\"flex-basis:40%\">\n<p class=\"has-contrast-color has-text-color has-link-color has-large-font-size wp-elements-69c5abdfb5fb6000909cb868e4a23f2d\" style=\"padding-bottom:var(--wp--preset--spacing--20);font-style:normal;font-weight:500;line-height:1.2\">A space where natural materials and modern design blend in harmony, whether in a cozy living area or an elegant bathroom, creating an environment for relaxation and tranquility.<\/p>\n\n\n\n<div style=\"height:60px\" aria-hidden=\"true\" class=\"wp-block-spacer\"><\/div>\n\n\n\n<div class=\"wp-block-group is-vertical is-layout-flex wp-container-core-group-is-layout-fe9cc265 wp-block-group-is-layout-flex\">\n<figure class=\"wp-block-image size-large is-style-rounded image-box is-style-rounded--4\"><img loading=\"lazy\" decoding=\"async\" width=\"768\" height=\"1024\" src=\"https:\/\/dumzaoskerusi.cz\/wp-content\/uploads\/2024\/10\/D06-768x1024.jpg\" alt=\"\" class=\"wp-image-228\" style=\"aspect-ratio:9\/16;object-fit:cover\" srcset=\"https:\/\/dumzaoskerusi.cz\/wp-content\/uploads\/2024\/10\/D06-768x1024.jpg 768w, https:\/\/dumzaoskerusi.cz\/wp-content\/uploads\/2024\/10\/D06-225x300.jpg 225w, https:\/\/dumzaoskerusi.cz\/wp-content\/uploads\/2024\/10\/D06-1152x1536.jpg 1152w, https:\/\/dumzaoskerusi.cz\/wp-content\/uploads\/2024\/10\/D06-1536x2048.jpg 1536w, https:\/\/dumzaoskerusi.cz\/wp-content\/uploads\/2024\/10\/D06-scaled.jpg 1920w\" sizes=\"auto, (max-width: 768px) 100vw, 768px\" \/><\/figure>\n\n\n\n<figure class=\"wp-block-image size-large is-style-rounded image-box is-style-rounded--5\"><img loading=\"lazy\" decoding=\"async\" width=\"768\" height=\"1024\" src=\"https:\/\/dumzaoskerusi.cz\/wp-content\/uploads\/2024\/11\/D03B-768x1024.jpg\" alt=\"\" class=\"wp-image-412\" srcset=\"https:\/\/dumzaoskerusi.cz\/wp-content\/uploads\/2024\/11\/D03B-768x1024.jpg 768w, https:\/\/dumzaoskerusi.cz\/wp-content\/uploads\/2024\/11\/D03B-225x300.jpg 225w, https:\/\/dumzaoskerusi.cz\/wp-content\/uploads\/2024\/11\/D03B-1152x1536.jpg 1152w, https:\/\/dumzaoskerusi.cz\/wp-content\/uploads\/2024\/11\/D03B-1536x2048.jpg 1536w, https:\/\/dumzaoskerusi.cz\/wp-content\/uploads\/2024\/11\/D03B-scaled.jpg 1920w\" sizes=\"auto, (max-width: 768px) 100vw, 768px\" \/><\/figure>\n<\/div>\n<\/div>\n<\/div>\n<\/div>\n\n\n\n<div class=\"wp-block-group alignfull has-base-2-background-color has-text-color has-background has-global-padding is-layout-constrained wp-block-group-is-layout-constrained\" style=\"color:#000000;margin-top:0;margin-bottom:0;padding-top:var(--wp--preset--spacing--50);padding-bottom:var(--wp--preset--spacing--50)\">\n<h3 class=\"wp-block-heading has-text-align-center has-x-large-font-size\" id=\"schedule-a-visit\" style=\"line-height:1.15\">Do you like our house?<\/h3>\n\n\n\n<div class=\"wp-block-buttons is-horizontal is-content-justification-center is-layout-flex wp-container-core-buttons-is-layout-03627597 wp-block-buttons-is-layout-flex\">\n<div class=\"wp-block-button has-custom-width wp-block-button__width-50\"><a class=\"wp-block-button__link has-text-color has-background wp-element-button\" href=\"https:\/\/dumzaoskerusi.cz\/en\/#rezervace\" style=\"border-radius:50px;color:#ffffff;background-color:#000000\">Book accommodation<\/a><\/div>\n<\/div>\n<\/div>","protected":false},"excerpt":{"rendered":"<p>P\u0159\u00edb\u011bh domu D\u016fm za oskeru\u0161\u00ed je m\u00edsto, kam se budete r\u00e1di vracet. Je ukryt\u00fd a\u017e na sam\u00e9m konci m\u011bste\u010dka Buchlovice, v\u00a0kopci, ve st\u00ednu lesa. Srnky okusuj\u00ed star\u00e9 jablon\u011b pod okny a&nbsp;cvr\u010dci ne\u00fanavn\u011b cvrkaj\u00ed a\u017e do soumraku. Budete tu cht\u00edt \u010d\u00edst knihy, na kter\u00e9 nikdy nebyl \u010das, malovat obrazy vodovkami nebo jen odpo\u010d\u00edvat v\u00a0houpac\u00ed s\u00edti a&nbsp;poslouchat [&hellip;]<\/p>\n","protected":false},"author":1,"featured_media":0,"parent":0,"menu_order":0,"comment_status":"closed","ping_status":"closed","template":"","meta":{"footnotes":""},"class_list":["post-221","page","type-page","status-publish","hentry"],"yoast_head":"<!-- This site is optimized with the Yoast SEO plugin v27.4 - https:\/\/yoast.com\/product\/yoast-seo-wordpress\/ -->\n<title>O domu : D\u016fm za oskeru\u0161\u00ed<\/title>\n<meta name=\"description\" content=\"Ubytov\u00e1n\u00ed Buchlovice, D\u016fm za oskeru\u0161\u00ed, odpo\u010dinek, zahrada, u lesa, rodinn\u00fd penzion, cyklist\u00e9 v\u00edt\u00e1ni, Rekrea\u010dn\u00ed ubytov\u00e1n\u00ed, Rekrea\u010dn\u00ed chaty a chalupy, Rodinn\u00fd penzion\" \/>\n<meta name=\"robots\" content=\"index, follow, max-snippet:-1, max-image-preview:large, max-video-preview:-1\" \/>\n<link rel=\"canonical\" href=\"https:\/\/dumzaoskerusi.cz\/en\/o-domu\/\" \/>\n<meta property=\"og:locale\" content=\"en_GB\" \/>\n<meta property=\"og:type\" content=\"article\" \/>\n<meta property=\"og:title\" content=\"O domu : D\u016fm za oskeru\u0161\u00ed\" \/>\n<meta property=\"og:description\" content=\"Ubytov\u00e1n\u00ed Buchlovice, D\u016fm za oskeru\u0161\u00ed, odpo\u010dinek, zahrada, u lesa, rodinn\u00fd penzion, cyklist\u00e9 v\u00edt\u00e1ni, Rekrea\u010dn\u00ed ubytov\u00e1n\u00ed, Rekrea\u010dn\u00ed chaty a chalupy, Rodinn\u00fd penzion\" \/>\n<meta property=\"og:url\" content=\"https:\/\/dumzaoskerusi.cz\/en\/o-domu\/\" \/>\n<meta property=\"og:site_name\" content=\"D\u016fm za oskeru\u0161\u00ed\" \/>\n<meta property=\"article:publisher\" content=\"https:\/\/www.facebook.com\/dum.za.oskerusi\" \/>\n<meta property=\"article:modified_time\" content=\"2025-04-22T08:43:15+00:00\" \/>\n<meta property=\"og:image\" content=\"https:\/\/dumzaoskerusi.cz\/wp-content\/uploads\/2024\/11\/D01-scaled.jpg\" \/>\n\t<meta property=\"og:image:width\" content=\"1915\" \/>\n\t<meta property=\"og:image:height\" content=\"2560\" \/>\n\t<meta property=\"og:image:type\" content=\"image\/jpeg\" \/>\n<meta name=\"twitter:card\" content=\"summary_large_image\" \/>\n<meta name=\"twitter:label1\" content=\"Estimated reading time\" \/>\n\t<meta name=\"twitter:data1\" content=\"3 minutes\" \/>\n<script type=\"application\/ld+json\" class=\"yoast-schema-graph\">{\"@context\":\"https:\\\/\\\/schema.org\",\"@graph\":[{\"@type\":\"WebPage\",\"@id\":\"https:\\\/\\\/dumzaoskerusi.cz\\\/o-domu\\\/\",\"url\":\"https:\\\/\\\/dumzaoskerusi.cz\\\/o-domu\\\/\",\"name\":\"O domu : D\u016fm za oskeru\u0161\u00ed\",\"isPartOf\":{\"@id\":\"https:\\\/\\\/dumzaoskerusi.cz\\\/#website\"},\"primaryImageOfPage\":{\"@id\":\"https:\\\/\\\/dumzaoskerusi.cz\\\/o-domu\\\/#primaryimage\"},\"image\":{\"@id\":\"https:\\\/\\\/dumzaoskerusi.cz\\\/o-domu\\\/#primaryimage\"},\"thumbnailUrl\":\"https:\\\/\\\/dumzaoskerusi.cz\\\/wp-content\\\/uploads\\\/2024\\\/11\\\/D01-766x1024.jpg\",\"datePublished\":\"2024-10-12T17:02:28+00:00\",\"dateModified\":\"2025-04-22T08:43:15+00:00\",\"description\":\"Ubytov\u00e1n\u00ed Buchlovice, D\u016fm za oskeru\u0161\u00ed, odpo\u010dinek, zahrada, u lesa, rodinn\u00fd penzion, cyklist\u00e9 v\u00edt\u00e1ni, Rekrea\u010dn\u00ed ubytov\u00e1n\u00ed, Rekrea\u010dn\u00ed chaty a chalupy, Rodinn\u00fd penzion\",\"breadcrumb\":{\"@id\":\"https:\\\/\\\/dumzaoskerusi.cz\\\/o-domu\\\/#breadcrumb\"},\"inLanguage\":\"en-GB\",\"potentialAction\":[{\"@type\":\"ReadAction\",\"target\":[\"https:\\\/\\\/dumzaoskerusi.cz\\\/o-domu\\\/\"]}]},{\"@type\":\"ImageObject\",\"inLanguage\":\"en-GB\",\"@id\":\"https:\\\/\\\/dumzaoskerusi.cz\\\/o-domu\\\/#primaryimage\",\"url\":\"https:\\\/\\\/dumzaoskerusi.cz\\\/wp-content\\\/uploads\\\/2024\\\/11\\\/D01-766x1024.jpg\",\"contentUrl\":\"https:\\\/\\\/dumzaoskerusi.cz\\\/wp-content\\\/uploads\\\/2024\\\/11\\\/D01-766x1024.jpg\"},{\"@type\":\"BreadcrumbList\",\"@id\":\"https:\\\/\\\/dumzaoskerusi.cz\\\/o-domu\\\/#breadcrumb\",\"itemListElement\":[{\"@type\":\"ListItem\",\"position\":1,\"name\":\"Dom\u016f\",\"item\":\"https:\\\/\\\/dumzaoskerusi.cz\\\/\"},{\"@type\":\"ListItem\",\"position\":2,\"name\":\"O domu\"}]},{\"@type\":\"WebSite\",\"@id\":\"https:\\\/\\\/dumzaoskerusi.cz\\\/#website\",\"url\":\"https:\\\/\\\/dumzaoskerusi.cz\\\/\",\"name\":\"D\u016fm za oskeru\u0161\u00ed\",\"description\":\"Ubytov\u00e1n\u00ed Buchlovice\",\"publisher\":{\"@id\":\"https:\\\/\\\/dumzaoskerusi.cz\\\/#organization\"},\"potentialAction\":[{\"@type\":\"SearchAction\",\"target\":{\"@type\":\"EntryPoint\",\"urlTemplate\":\"https:\\\/\\\/dumzaoskerusi.cz\\\/?s={search_term_string}\"},\"query-input\":{\"@type\":\"PropertyValueSpecification\",\"valueRequired\":true,\"valueName\":\"search_term_string\"}}],\"inLanguage\":\"en-GB\"},{\"@type\":\"Organization\",\"@id\":\"https:\\\/\\\/dumzaoskerusi.cz\\\/#organization\",\"name\":\"D\u016fm za oskeru\u0161\u00ed\",\"url\":\"https:\\\/\\\/dumzaoskerusi.cz\\\/\",\"logo\":{\"@type\":\"ImageObject\",\"inLanguage\":\"en-GB\",\"@id\":\"https:\\\/\\\/dumzaoskerusi.cz\\\/#\\\/schema\\\/logo\\\/image\\\/\",\"url\":\"https:\\\/\\\/dumzaoskerusi.cz\\\/wp-content\\\/uploads\\\/2024\\\/10\\\/Dum-za-oskerusi-logo-final.png\",\"contentUrl\":\"https:\\\/\\\/dumzaoskerusi.cz\\\/wp-content\\\/uploads\\\/2024\\\/10\\\/Dum-za-oskerusi-logo-final.png\",\"width\":1205,\"height\":306,\"caption\":\"D\u016fm za oskeru\u0161\u00ed\"},\"image\":{\"@id\":\"https:\\\/\\\/dumzaoskerusi.cz\\\/#\\\/schema\\\/logo\\\/image\\\/\"},\"sameAs\":[\"https:\\\/\\\/www.facebook.com\\\/dum.za.oskerusi\",\"https:\\\/\\\/www.instagram.com\\\/dumzaoskerusi_\\\/profilecard\\\/?igsh=ZHJpanM2M3ExNWY2\"]}]}<\/script>\n<!-- \/ Yoast SEO plugin. -->","yoast_head_json":{"title":"O domu : D\u016fm za oskeru\u0161\u00ed","description":"Ubytov\u00e1n\u00ed Buchlovice, D\u016fm za oskeru\u0161\u00ed, odpo\u010dinek, zahrada, u lesa, rodinn\u00fd penzion, cyklist\u00e9 v\u00edt\u00e1ni, Rekrea\u010dn\u00ed ubytov\u00e1n\u00ed, Rekrea\u010dn\u00ed chaty a chalupy, Rodinn\u00fd penzion","robots":{"index":"index","follow":"follow","max-snippet":"max-snippet:-1","max-image-preview":"max-image-preview:large","max-video-preview":"max-video-preview:-1"},"canonical":"https:\/\/dumzaoskerusi.cz\/en\/o-domu\/","og_locale":"en_GB","og_type":"article","og_title":"O domu : D\u016fm za oskeru\u0161\u00ed","og_description":"Ubytov\u00e1n\u00ed Buchlovice, D\u016fm za oskeru\u0161\u00ed, odpo\u010dinek, zahrada, u lesa, rodinn\u00fd penzion, cyklist\u00e9 v\u00edt\u00e1ni, Rekrea\u010dn\u00ed ubytov\u00e1n\u00ed, Rekrea\u010dn\u00ed chaty a chalupy, Rodinn\u00fd penzion","og_url":"https:\/\/dumzaoskerusi.cz\/en\/o-domu\/","og_site_name":"D\u016fm za oskeru\u0161\u00ed","article_publisher":"https:\/\/www.facebook.com\/dum.za.oskerusi","article_modified_time":"2025-04-22T08:43:15+00:00","og_image":[{"width":1915,"height":2560,"url":"https:\/\/dumzaoskerusi.cz\/wp-content\/uploads\/2024\/11\/D01-scaled.jpg","type":"image\/jpeg"}],"twitter_card":"summary_large_image","twitter_misc":{"Estimated reading time":"3 minutes"},"schema":{"@context":"https:\/\/schema.org","@graph":[{"@type":"WebPage","@id":"https:\/\/dumzaoskerusi.cz\/o-domu\/","url":"https:\/\/dumzaoskerusi.cz\/o-domu\/","name":"O domu : D\u016fm za oskeru\u0161\u00ed","isPartOf":{"@id":"https:\/\/dumzaoskerusi.cz\/#website"},"primaryImageOfPage":{"@id":"https:\/\/dumzaoskerusi.cz\/o-domu\/#primaryimage"},"image":{"@id":"https:\/\/dumzaoskerusi.cz\/o-domu\/#primaryimage"},"thumbnailUrl":"https:\/\/dumzaoskerusi.cz\/wp-content\/uploads\/2024\/11\/D01-766x1024.jpg","datePublished":"2024-10-12T17:02:28+00:00","dateModified":"2025-04-22T08:43:15+00:00","description":"Ubytov\u00e1n\u00ed Buchlovice, D\u016fm za oskeru\u0161\u00ed, odpo\u010dinek, zahrada, u lesa, rodinn\u00fd penzion, cyklist\u00e9 v\u00edt\u00e1ni, Rekrea\u010dn\u00ed ubytov\u00e1n\u00ed, Rekrea\u010dn\u00ed chaty a chalupy, Rodinn\u00fd penzion","breadcrumb":{"@id":"https:\/\/dumzaoskerusi.cz\/o-domu\/#breadcrumb"},"inLanguage":"en-GB","potentialAction":[{"@type":"ReadAction","target":["https:\/\/dumzaoskerusi.cz\/o-domu\/"]}]},{"@type":"ImageObject","inLanguage":"en-GB","@id":"https:\/\/dumzaoskerusi.cz\/o-domu\/#primaryimage","url":"https:\/\/dumzaoskerusi.cz\/wp-content\/uploads\/2024\/11\/D01-766x1024.jpg","contentUrl":"https:\/\/dumzaoskerusi.cz\/wp-content\/uploads\/2024\/11\/D01-766x1024.jpg"},{"@type":"BreadcrumbList","@id":"https:\/\/dumzaoskerusi.cz\/o-domu\/#breadcrumb","itemListElement":[{"@type":"ListItem","position":1,"name":"Dom\u016f","item":"https:\/\/dumzaoskerusi.cz\/"},{"@type":"ListItem","position":2,"name":"O domu"}]},{"@type":"WebSite","@id":"https:\/\/dumzaoskerusi.cz\/#website","url":"https:\/\/dumzaoskerusi.cz\/","name":"D\u016fm za oskeru\u0161\u00ed","description":"Ubytov\u00e1n\u00ed Buchlovice","publisher":{"@id":"https:\/\/dumzaoskerusi.cz\/#organization"},"potentialAction":[{"@type":"SearchAction","target":{"@type":"EntryPoint","urlTemplate":"https:\/\/dumzaoskerusi.cz\/?s={search_term_string}"},"query-input":{"@type":"PropertyValueSpecification","valueRequired":true,"valueName":"search_term_string"}}],"inLanguage":"en-GB"},{"@type":"Organization","@id":"https:\/\/dumzaoskerusi.cz\/#organization","name":"D\u016fm za oskeru\u0161\u00ed","url":"https:\/\/dumzaoskerusi.cz\/","logo":{"@type":"ImageObject","inLanguage":"en-GB","@id":"https:\/\/dumzaoskerusi.cz\/#\/schema\/logo\/image\/","url":"https:\/\/dumzaoskerusi.cz\/wp-content\/uploads\/2024\/10\/Dum-za-oskerusi-logo-final.png","contentUrl":"https:\/\/dumzaoskerusi.cz\/wp-content\/uploads\/2024\/10\/Dum-za-oskerusi-logo-final.png","width":1205,"height":306,"caption":"D\u016fm za oskeru\u0161\u00ed"},"image":{"@id":"https:\/\/dumzaoskerusi.cz\/#\/schema\/logo\/image\/"},"sameAs":["https:\/\/www.facebook.com\/dum.za.oskerusi","https:\/\/www.instagram.com\/dumzaoskerusi_\/profilecard\/?igsh=ZHJpanM2M3ExNWY2"]}]}},"_links":{"self":[{"href":"https:\/\/dumzaoskerusi.cz\/en\/wp-json\/wp\/v2\/pages\/221","targetHints":{"allow":["GET"]}}],"collection":[{"href":"https:\/\/dumzaoskerusi.cz\/en\/wp-json\/wp\/v2\/pages"}],"about":[{"href":"https:\/\/dumzaoskerusi.cz\/en\/wp-json\/wp\/v2\/types\/page"}],"author":[{"embeddable":true,"href":"https:\/\/dumzaoskerusi.cz\/en\/wp-json\/wp\/v2\/users\/1"}],"replies":[{"embeddable":true,"href":"https:\/\/dumzaoskerusi.cz\/en\/wp-json\/wp\/v2\/comments?post=221"}],"version-history":[{"count":21,"href":"https:\/\/dumzaoskerusi.cz\/en\/wp-json\/wp\/v2\/pages\/221\/revisions"}],"predecessor-version":[{"id":501,"href":"https:\/\/dumzaoskerusi.cz\/en\/wp-json\/wp\/v2\/pages\/221\/revisions\/501"}],"wp:attachment":[{"href":"https:\/\/dumzaoskerusi.cz\/en\/wp-json\/wp\/v2\/media?parent=221"}],"curies":[{"name":"wp","href":"https:\/\/api.w.org\/{rel}","templated":true}]}}